{"id":453,"date":"2014-12-15T04:17:14","date_gmt":"2014-12-15T03:17:14","guid":{"rendered":"https:\/\/www.agencetague.com\/odyssee\/?page_id=453"},"modified":"2017-06-02T14:46:16","modified_gmt":"2017-06-02T13:46:16","slug":"nos_services","status":"publish","type":"page","link":"http:\/\/lesgarderieslodyssee.com\/?page_id=453","title":{"rendered":"Nos services"},"content":{"rendered":"<p>[vc_row][vc_column][vc_column_text]<\/p>\n<h2>Des \u00e9ducatrices sp\u00e9cialis\u00e9es et un service pour les enfants \u00e0 besoins particuliers<\/h2>\n<p>Regroupant une \u00e9quipe d\u2019\u00e9ducatrices exp\u00e9riment\u00e9es\u00a0des plus comp\u00e9tentes, les garderies L\u2019Odyss\u00e9e vous proposent une offre compl\u00e8te en mati\u00e8re de service de garde et d\u2019\u00e9ducation de vos enfants. Votre enfant a des besoins particuliers? C\u2019est avec plaisir que nous l\u2019accueillerons parmi nous! Un suivi r\u00e9gulier sera assur\u00e9 avec vous afin de vous informer de son d\u00e9veloppement.[\/vc_column_text][vc_row_inner][vc_column_inner width= &raquo;1\/2&Prime;][vc_column_text]<\/p>\n<h2>Des activit\u00e9s vari\u00e9es tant amusantes que stimulantes<\/h2>\n<p>Par le jeu et les bricolages, votre enfant d\u00e9veloppera sa motricit\u00e9 fine et globale, sa pens\u00e9e logique, son sens de l\u2019observation et sa cr\u00e9ativit\u00e9. De plus, certains ateliers sp\u00e9ciaux d\u00e9velopperont davantage son expression artistique et th\u00e9\u00e2trale.<\/p>\n<p>L\u2019apprentissage de la musique am\u00e8ne une stimulation suppl\u00e9mentaire au niveau intellectuel, auditif, tactile, visuel et \u00e9motionnel. Cette stimulation additionnelle aide \u00e0 aller encore plus loin dans les autres sph\u00e8res d\u2019apprentissage, et favorise le d\u00e9veloppement de zones du cerveau autrement inexplor\u00e9es.[\/vc_column_text][\/vc_column_inner][vc_column_inner width= &raquo;1\/2&Prime;][vc_column_text]<img loading=\"lazy\" decoding=\"async\" class=\"alignnone size-full wp-image-3160\" src=\"http:\/\/lesgarderieslodyssee.com\/wp-content\/uploads\/2014\/12\/Odyssee_2017_15.jpg\" alt=\"Enfant montrant sa r\u00e9alisation\" width=\"600\" height=\"400\" srcset=\"http:\/\/lesgarderieslodyssee.com\/wp-content\/uploads\/2014\/12\/Odyssee_2017_15.jpg 600w, http:\/\/lesgarderieslodyssee.com\/wp-content\/uploads\/2014\/12\/Odyssee_2017_15-300x200.jpg 300w\" sizes=\"(max-width: 600px) 100vw, 600px\" \/>[\/vc_column_text][\/vc_column_inner][\/vc_row_inner][vc_row_inner][vc_column_inner][vc_column_text]<\/p>\n<h2>Un programme \u00e9ducatif complet, reconnu par le Minist\u00e8re de la Famille<\/h2>\n<p>Nos garderies mettent en pratique le programme <em>Accueillir la petite enfance<\/em>, un programme \u00e9ducatif complet reconnu par le Minist\u00e8re de la Famille et destin\u00e9 aux services de garde du Qu\u00e9bec.<\/p>\n<h3>Principaux objectifs du programme\u00a0:<\/h3>\n<ul>\n<li>Accueillir chaleureusement les enfants et r\u00e9pondre \u00e0 leurs besoins dans une approche adapt\u00e9e \u00e0 chacun.<\/li>\n<li>Assurer le bien-\u00eatre, la sant\u00e9 et la s\u00e9curit\u00e9 des enfants.<\/li>\n<li>Favoriser l\u2019\u00e9galit\u00e9 des chances entre les enfants, ind\u00e9pendamment de leur milieu social, \u00e9conomique, culturel ou religieux.<\/li>\n<li>Contribuer \u00e0 la socialisation des enfants.<\/li>\n<li>Apporter un appui aux parents dans l\u2019\u00e9ducation de leur enfant.<\/li>\n<li>Faciliter l\u2019entr\u00e9e de l\u2019enfant \u00e0 l\u2019\u00e9cole.<\/li>\n<\/ul>\n<p>[\/vc_column_text][\/vc_column_inner][\/vc_row_inner]<div class=\" ubtn-ctn-center \"><a class=\"ubtn-link ult-adjust-bottom-margin ubtn-center ubtn-custom \"  rel='' href = \"https:\/\/www.mfa.gouv.qc.ca\/fr\/publication\/Documents\/programme_educatif.pdf\" target='_blank'><button type=\"button\" id=\"ubtn-6754\" class=\"ubtn ult-adjust-bottom-margin ult-responsive ubtn-custom ubtn-fade-bg  none  ubtn-center   tooltip-69d1f5f88eb08\"  data-hover=\"\" data-border-color=\"\" data-bg=\"#ea5839\" data-hover-bg=\"#f37155\" data-border-hover=\"\" data-shadow-hover=\"\" data-shadow-click=\"none\" data-shadow=\"\" data-shd-shadow=\"\"  data-ultimate-target='#ubtn-6754'  data-responsive-json-new='{\"font-size\":\"\",\"line-height\":\"\"}'  style=\"font-weight:normal;width:px;min-height:px;padding:10px 20px;border:none;background: #ea5839;color: #ffffff;\"><span class=\"ubtn-hover\" style=\"background-color:#f37155\"><\/span><span class=\"ubtn-data ubtn-text \" >En savoir plus<\/span><\/button><\/a><\/div>[\/vc_column][\/vc_row]<\/p>\n","protected":false},"excerpt":{"rendered":"<p>[vc_row][vc_column][vc_column_text] Des \u00e9ducatrices sp\u00e9cialis\u00e9es et un service pour les enfants \u00e0 besoins particuliers Regroupant une \u00e9quipe d\u2019\u00e9ducatrices exp\u00e9riment\u00e9es\u00a0des plus comp\u00e9tentes, les garderies L\u2019Odyss\u00e9e vous proposent une offre compl\u00e8te en mati\u00e8re de service de garde et d\u2019\u00e9ducation de vos enfants. Votre enfant a des besoins particuliers? C\u2019est avec plaisir que nous l\u2019accueillerons parmi nous! Un suivi <a href=\"http:\/\/lesgarderieslodyssee.com\/?page_id=453\">[&#8230;]<\/a><\/p>\n","protected":false},"author":1,"featured_media":0,"parent":0,"menu_order":0,"comment_status":"open","ping_status":"open","template":"page-fullwidth.php","meta":{"footnotes":""},"_links":{"self":[{"href":"http:\/\/lesgarderieslodyssee.com\/index.php?rest_route=\/wp\/v2\/pages\/453"}],"collection":[{"href":"http:\/\/lesgarderieslodyssee.com\/index.php?rest_route=\/wp\/v2\/pages"}],"about":[{"href":"http:\/\/lesgarderieslodyssee.com\/index.php?rest_route=\/wp\/v2\/types\/page"}],"author":[{"embeddable":true,"href":"http:\/\/lesgarderieslodyssee.com\/index.php?rest_route=\/wp\/v2\/users\/1"}],"replies":[{"embeddable":true,"href":"http:\/\/lesgarderieslodyssee.com\/index.php?rest_route=%2Fwp%2Fv2%2Fcomments&post=453"}],"version-history":[{"count":9,"href":"http:\/\/lesgarderieslodyssee.com\/index.php?rest_route=\/wp\/v2\/pages\/453\/revisions"}],"predecessor-version":[{"id":3210,"href":"http:\/\/lesgarderieslodyssee.com\/index.php?rest_route=\/wp\/v2\/pages\/453\/revisions\/3210"}],"wp:attachment":[{"href":"http:\/\/lesgarderieslodyssee.com\/index.php?rest_route=%2Fwp%2Fv2%2Fmedia&parent=453"}],"curies":[{"name":"wp","href":"https:\/\/api.w.org\/{rel}","templated":true}]}}