{"id":468,"date":"2014-12-15T04:27:56","date_gmt":"2014-12-15T03:27:56","guid":{"rendered":"https:\/\/www.agencetague.com\/odyssee\/?page_id=468"},"modified":"2017-06-02T14:49:54","modified_gmt":"2017-06-02T13:49:54","slug":"journee-type","status":"publish","type":"page","link":"http:\/\/lesgarderieslodyssee.com\/?page_id=468","title":{"rendered":"Journ\u00e9e type"},"content":{"rendered":"<p>[vc_row][vc_column][vc_row_inner][vc_column_inner width= &raquo;1\/2&Prime;][vc_column_text]<img loading=\"lazy\" decoding=\"async\" class=\"alignnone size-full wp-image-3188\" src=\"http:\/\/lesgarderieslodyssee.com\/wp-content\/uploads\/2014\/12\/Odyssee_2017_20.jpg\" alt=\"Enfant dormant dans les bras d'une \u00e9ducatrice\" width=\"600\" height=\"400\" srcset=\"http:\/\/lesgarderieslodyssee.com\/wp-content\/uploads\/2014\/12\/Odyssee_2017_20.jpg 600w, http:\/\/lesgarderieslodyssee.com\/wp-content\/uploads\/2014\/12\/Odyssee_2017_20-300x200.jpg 300w\" sizes=\"(max-width: 600px) 100vw, 600px\" \/>[\/vc_column_text][\/vc_column_inner][vc_column_inner width= &raquo;1\/2&Prime;][vc_column_text]<\/p>\n<h2>Pouponni\u00e8re (0 \u00e0 17 mois)<\/h2>\n<p>Comme \u00e0 la maison, une journ\u00e9e typique \u00e0 la pouponni\u00e8re n\u2019existe pas! Nous respectons le rythme de chaque enfant et nous sommes conscients que les besoins et les routines des poupons peuvent diff\u00e9rer consid\u00e9rablement d\u2019un enfant \u00e0 l\u2019autre. Nous nous inspirons donc de la routine de chacun lors de son int\u00e9gration, pour ensuite instaurer graduellement une routine commune \u00e0 tous les poupons. Bien entendu, certains \u00e9l\u00e9ments demeurent stables (siestes, repas, collations), mais nous pr\u00e9f\u00e9rons nous adapter \u00e0 l\u2019humeur et \u00e0 l\u2019\u00e2ge des poupons pour ce qui est des activit\u00e9s et des sorties. Notre objectif? Leur offrir un environnement aimant et respectueux dans lequel ils se sentiront un peu comme \u00e0 la maison![\/vc_column_text][\/vc_column_inner][\/vc_row_inner][vc_column_text]<\/p>\n<h2><\/h2>\n<h2>Jeunes enfants (18 mois \u00e0 59 mois)<\/h2>\n<p>\u00c0 mesure qu\u2019ils grandissent, nous travaillons avec vos tout-petits \u00e0 les rendre le plus possible pr\u00eats pour le jour J\u00a0: l\u2019entr\u00e9e \u00e0 la maternelle!<\/p>\n<h2><strong>Une journ\u00e9e type dans la vie de votre tout-petit<\/strong><\/h2>\n<p>[\/vc_column_text]<div class=\"smile-icon-timeline-wrap csstime   \"  data-time_sep_bg_color=\"#f37155\"   style=\"\"><div class=\"timeline-line \" style=\"border-right-color:;\"><z><\/z><\/div><div class=\"timeline-wrapper\"><div class=\"timeline-block \"><div class=\"timeline-dot\"><\/div><div class=\"ult-timeline-arrow\"><s><\/s><l><\/l><\/div><div class=\"timeline-icon-block\"><div class=\"ult-timeline-icon tl-icon-no-bg\" style=\"   \"><\/div> <!-- icon --><\/div><div class=\"timeline-header-block\" >\n\t\t\t\t\t\t\t<div id=\"timeline-item-3116\" class=\"timeline-header\" style=\"\"><h3 class=\"ult-timeline-title ult-responsive\"  data-ultimate-target='#timeline-item-3116 .ult-timeline-title'  data-responsive-json-new='{\"font-size\":\"\",\"line-height\":\"\"}'  style=\"\">6h30<\/h3><div class=\"ult-responsive timeline-item-spt\"  data-ultimate-target='#timeline-item-3116 .timeline-item-spt'  data-responsive-json-new='{\"font-size\":\"\",\"line-height\":\"\"}'  style=\"\">Nous accueillons vos enfants \u00e0 partir de 6h30, du lundi au vendredi. Le d\u00e9jeuner est alors servi \u00e0 ceux qui se pr\u00e9valent du service offert par nos garderies. C\u2019est le moment de s\u2019amuser tous ensemble et de profiter d\u2019une p\u00e9riode de jeux libres en groupe, tous \u00e2ges confondus!<\/div><\/div> <!-- header --><\/div><\/div><div class=\"timeline-block \"><div class=\"timeline-dot\"><\/div><div class=\"ult-timeline-arrow\"><s><\/s><l><\/l><\/div><div class=\"timeline-icon-block\"><div class=\"ult-timeline-icon tl-icon-no-bg\" style=\"   \"><\/div> <!-- icon --><\/div><div class=\"timeline-header-block\" >\n\t\t\t\t\t\t\t<div id=\"timeline-item-6454\" class=\"timeline-header\" style=\"\"><h3 class=\"ult-timeline-title ult-responsive\"  data-ultimate-target='#timeline-item-6454 .ult-timeline-title'  data-responsive-json-new='{\"font-size\":\"\",\"line-height\":\"\"}'  style=\"\">8h45<\/h3><div class=\"ult-responsive timeline-item-spt\"  data-ultimate-target='#timeline-item-6454 .timeline-item-spt'  data-responsive-json-new='{\"font-size\":\"\",\"line-height\":\"\"}'  style=\"\">Vers 8h45, les enfants sont invit\u00e9s \u00e0 ranger le local d\u2019accueil, et \u00e0 se diriger vers leur local respectif pour rejoindre leurs \u00e9ducatrices. Tous les amis se lavent les mains et se pr\u00e9parent \u00e0 d\u00e9guster une savoureuse collation sant\u00e9!<\/div><\/div> <!-- header --><\/div><\/div><div class=\"timeline-block \"><div class=\"timeline-dot\"><\/div><div class=\"ult-timeline-arrow\"><s><\/s><l><\/l><\/div><div class=\"timeline-icon-block\"><div class=\"ult-timeline-icon tl-icon-no-bg\" style=\"   \"><\/div> <!-- icon --><\/div><div class=\"timeline-header-block\" >\n\t\t\t\t\t\t\t<div id=\"timeline-item-6861\" class=\"timeline-header\" style=\"\"><h3 class=\"ult-timeline-title ult-responsive\"  data-ultimate-target='#timeline-item-6861 .ult-timeline-title'  data-responsive-json-new='{\"font-size\":\"\",\"line-height\":\"\"}'  style=\"\">9h15<\/h3><div class=\"ult-responsive timeline-item-spt\"  data-ultimate-target='#timeline-item-6861 .timeline-item-spt'  data-responsive-json-new='{\"font-size\":\"\",\"line-height\":\"\"}'  style=\"\">De 9h15 \u00e0 11h15, les activit\u00e9s commencent! On discute, on prend part \u00e0 des activit\u00e9s \u00e9ducatives ludiques dirig\u00e9es par les \u00e9ducatrices, et on s\u2019amuse \u00e0 l\u2019ext\u00e9rieur.<\/div><\/div> <!-- header --><\/div><\/div><div class=\"timeline-block \"><div class=\"timeline-dot\"><\/div><div class=\"ult-timeline-arrow\"><s><\/s><l><\/l><\/div><div class=\"timeline-icon-block\"><div class=\"ult-timeline-icon tl-icon-no-bg\" style=\"   \"><\/div> <!-- icon --><\/div><div class=\"timeline-header-block\" >\n\t\t\t\t\t\t\t<div id=\"timeline-item-1686\" class=\"timeline-header\" style=\"\"><h3 class=\"ult-timeline-title ult-responsive\"  data-ultimate-target='#timeline-item-1686 .ult-timeline-title'  data-responsive-json-new='{\"font-size\":\"\",\"line-height\":\"\"}'  style=\"\">11h30<\/h3><div class=\"ult-responsive timeline-item-spt\"  data-ultimate-target='#timeline-item-1686 .timeline-item-spt'  data-responsive-json-new='{\"font-size\":\"\",\"line-height\":\"\"}'  style=\"\">D\u00e8s 11h30, les enfants se rassemblent pour profiter d\u2019un bon repas, apr\u00e8s une petite s\u00e9ance d\u2019hygi\u00e8ne.<\/div><\/div> <!-- header --><\/div><\/div><\/div><div class=\"timeline-feature-item feat-item  \"><div class=\"feat-dot \"><div class=\"timeline-dot\"><\/div><\/div><div class=\"ult-timeline-arrow \"><s><\/s><l><\/l><\/div><div class=\"timeline-icon-block\"><div class=\"ult-timeline-icon tl-icon-no-bg\" style=\"   \"><\/div> <!-- icon --><\/div><div class=\"timeline-header-block\" >\n\t\t\t\t\t\t\t<div class=\"timeline-header\" id=\"timeline-featured-2632\"  style=\"\"><h3 class=\"ult-timeline-title ult-responsive\"   data-ultimate-target='#timeline-featured-2632 .ult-timeline-title'  data-responsive-json-new='{\"font-size\":\"\",\"line-height\":\"\"}'  style=\"\">Midi<\/h3><div class=\"ult-responsive custom-lht\"  data-ultimate-target='#timeline-featured-2632 .custom-lht'  data-responsive-json-new='{\"font-size\":\"\",\"line-height\":\"\"}'  style=\"\">Vers midi, on range notre local et on profite d\u2019une nouvelle s\u00e9ance de jeux libres ou de jeux ext\u00e9rieurs, selon la temp\u00e9rature et le groupe d\u2019\u00e2ge de chaque enfant. C\u2019est ensuite le moment du retour au calme! Les enfants sont invit\u00e9s \u00e0 s\u2019amuser calmement sur les matelas de sieste, et les \u00e9ducatrices lisent quelques histoires. L\u2019heure de la sieste est arriv\u00e9e! Les enfants qui ne dorment pas doivent obligatoirement faire une relaxation de 45 minutes.<\/div><\/div> <!-- header --><\/div><\/div><div class=\"timeline-wrapper \"><div class=\"timeline-block \"><div class=\"timeline-dot\"><\/div><div class=\"ult-timeline-arrow\"><s><\/s><l><\/l><\/div><div class=\"timeline-icon-block\"><div class=\"ult-timeline-icon tl-icon-no-bg\" style=\"   \"><\/div> <!-- icon --><\/div><div class=\"timeline-header-block\" >\n\t\t\t\t\t\t\t<div id=\"timeline-item-4214\" class=\"timeline-header\" style=\"\"><h3 class=\"ult-timeline-title ult-responsive\"  data-ultimate-target='#timeline-item-4214 .ult-timeline-title'  data-responsive-json-new='{\"font-size\":\"\",\"line-height\":\"\"}'  style=\"\">15h00<\/h3><div class=\"ult-responsive timeline-item-spt\"  data-ultimate-target='#timeline-item-4214 .timeline-item-spt'  data-responsive-json-new='{\"font-size\":\"\",\"line-height\":\"\"}'  style=\"\">Vers 15h00, les enfants se r\u00e9veillent progressivement et profitent d\u2019une petite s\u00e9ance d\u2019hygi\u00e8ne personnelle, en pr\u00e9vision de la collation de l\u2019apr\u00e8s-midi.<\/div><\/div> <!-- header --><\/div><\/div><div class=\"timeline-block \"><div class=\"timeline-dot\"><\/div><div class=\"ult-timeline-arrow\"><s><\/s><l><\/l><\/div><div class=\"timeline-icon-block\"><div class=\"ult-timeline-icon tl-icon-no-bg\" style=\"   \"><\/div> <!-- icon --><\/div><div class=\"timeline-header-block\" >\n\t\t\t\t\t\t\t<div id=\"timeline-item-4896\" class=\"timeline-header\" style=\"\"><h3 class=\"ult-timeline-title ult-responsive\"  data-ultimate-target='#timeline-item-4896 .ult-timeline-title'  data-responsive-json-new='{\"font-size\":\"\",\"line-height\":\"\"}'  style=\"\">16h00<\/h3><div class=\"ult-responsive timeline-item-spt\"  data-ultimate-target='#timeline-item-4896 .timeline-item-spt'  data-responsive-json-new='{\"font-size\":\"\",\"line-height\":\"\"}'  style=\"\">Apr\u00e8s une journ\u00e9e de d\u00e9couvertes, d\u2019apprentissage et de plaisir, les jeux libres reprennent vers 16h00. Lorsque la temp\u00e9rature le permet, la p\u00e9riode de jeux se d\u00e9roule \u00e0 l\u2019ext\u00e9rieur. Des activit\u00e9s dirig\u00e9es sont aussi parfois organis\u00e9es.<\/div><\/div> <!-- header --><\/div><\/div><div class=\"timeline-block \"><div class=\"timeline-dot\"><\/div><div class=\"ult-timeline-arrow\"><s><\/s><l><\/l><\/div><div class=\"timeline-icon-block\"><div class=\"ult-timeline-icon tl-icon-no-bg\" style=\"   \"><\/div> <!-- icon --><\/div><div class=\"timeline-header-block\" >\n\t\t\t\t\t\t\t<div id=\"timeline-item-7156\" class=\"timeline-header\" style=\"\"><h3 class=\"ult-timeline-title ult-responsive\"  data-ultimate-target='#timeline-item-7156 .ult-timeline-title'  data-responsive-json-new='{\"font-size\":\"\",\"line-height\":\"\"}'  style=\"\">17h15<\/h3><div class=\"ult-responsive timeline-item-spt\"  data-ultimate-target='#timeline-item-7156 .timeline-item-spt'  data-responsive-json-new='{\"font-size\":\"\",\"line-height\":\"\"}'  style=\"\">Vers 17h15, les tout-petits rejoignent le local de fermeture pour attendre l\u2019arriv\u00e9e de leurs parents.<\/div><\/div> <!-- header --><\/div><\/div><div class=\"timeline-block \"><div class=\"timeline-dot\"><\/div><div class=\"ult-timeline-arrow\"><s><\/s><l><\/l><\/div><div class=\"timeline-icon-block\"><div class=\"ult-timeline-icon tl-icon-no-bg\" style=\"   \"><\/div> <!-- icon --><\/div><div class=\"timeline-header-block\" >\n\t\t\t\t\t\t\t<div id=\"timeline-item-3662\" class=\"timeline-header\" style=\"\"><h3 class=\"ult-timeline-title ult-responsive\"  data-ultimate-target='#timeline-item-3662 .ult-timeline-title'  data-responsive-json-new='{\"font-size\":\"\",\"line-height\":\"\"}'  style=\"\">18h30<\/h3><div class=\"ult-responsive timeline-item-spt\"  data-ultimate-target='#timeline-item-3662 .timeline-item-spt'  data-responsive-json-new='{\"font-size\":\"\",\"line-height\":\"\"}'  style=\"\">18h30\u00a0: c\u2019est l\u2019heure de fermer et de se pr\u00e9parer pour une nouvelle journ\u00e9e!<\/p>\n<p><\/div><\/div> <!-- header --><\/div><\/div><\/div><\/div>[\/vc_column][\/vc_row]<\/p>\n","protected":false},"excerpt":{"rendered":"<p>[vc_row][vc_column][vc_row_inner][vc_column_inner width= &raquo;1\/2&Prime;][vc_column_text][\/vc_column_text][\/vc_column_inner][vc_column_inner width= &raquo;1\/2&Prime;][vc_column_text] Pouponni\u00e8re (0 \u00e0 17 mois) Comme \u00e0 la maison, une journ\u00e9e typique \u00e0 la pouponni\u00e8re n\u2019existe pas! Nous respectons le rythme de chaque enfant et nous sommes conscients que les besoins et les routines des poupons peuvent diff\u00e9rer consid\u00e9rablement d\u2019un enfant \u00e0 l\u2019autre. Nous nous inspirons donc de la routine <a href=\"http:\/\/lesgarderieslodyssee.com\/?page_id=468\">[&#8230;]<\/a><\/p>\n","protected":false},"author":1,"featured_media":0,"parent":0,"menu_order":0,"comment_status":"open","ping_status":"open","template":"page-fullwidth.php","meta":{"footnotes":""},"_links":{"self":[{"href":"http:\/\/lesgarderieslodyssee.com\/index.php?rest_route=\/wp\/v2\/pages\/468"}],"collection":[{"href":"http:\/\/lesgarderieslodyssee.com\/index.php?rest_route=\/wp\/v2\/pages"}],"about":[{"href":"http:\/\/lesgarderieslodyssee.com\/index.php?rest_route=\/wp\/v2\/types\/page"}],"author":[{"embeddable":true,"href":"http:\/\/lesgarderieslodyssee.com\/index.php?rest_route=\/wp\/v2\/users\/1"}],"replies":[{"embeddable":true,"href":"http:\/\/lesgarderieslodyssee.com\/index.php?rest_route=%2Fwp%2Fv2%2Fcomments&post=468"}],"version-history":[{"count":10,"href":"http:\/\/lesgarderieslodyssee.com\/index.php?rest_route=\/wp\/v2\/pages\/468\/revisions"}],"predecessor-version":[{"id":3212,"href":"http:\/\/lesgarderieslodyssee.com\/index.php?rest_route=\/wp\/v2\/pages\/468\/revisions\/3212"}],"wp:attachment":[{"href":"http:\/\/lesgarderieslodyssee.com\/index.php?rest_route=%2Fwp%2Fv2%2Fmedia&parent=468"}],"curies":[{"name":"wp","href":"https:\/\/api.w.org\/{rel}","templated":true}]}}