{"id":482,"date":"2014-12-15T04:50:20","date_gmt":"2014-12-15T03:50:20","guid":{"rendered":"https:\/\/www.agencetague.com\/odyssee\/?page_id=482"},"modified":"2021-03-18T12:22:09","modified_gmt":"2021-03-18T17:22:09","slug":"activites-speciales","status":"publish","type":"page","link":"http:\/\/lesgarderieslodyssee.com\/?page_id=482","title":{"rendered":"Activit\u00e9s sp\u00e9ciales, sorties \u00e9ducatives et \u00e9v\u00e8nements"},"content":{"rendered":"<p>[vc_row][vc_column][vc_column_text]Les garderies L\u2019Odyss\u00e9e, c\u2019est aussi des activit\u00e9s sp\u00e9ciales au rythme des f\u00eates et des saisons, des sorties \u00e9ducatives, et la participation \u00e0 des \u00e9v\u00e8nements divertissants tout au long de l\u2019ann\u00e9e![\/vc_column_text][\/vc_column][\/vc_row][vc_row][vc_column width= &raquo;1\/2&Prime;][vc_column_text]<img loading=\"lazy\" decoding=\"async\" class=\"alignnone size-full wp-image-3163\" src=\"http:\/\/lesgarderieslodyssee.com\/wp-content\/uploads\/2014\/12\/Odyssee_2017_38.jpg\" alt=\"Enfants en sortie\" width=\"600\" height=\"400\" srcset=\"http:\/\/lesgarderieslodyssee.com\/wp-content\/uploads\/2014\/12\/Odyssee_2017_38.jpg 600w, http:\/\/lesgarderieslodyssee.com\/wp-content\/uploads\/2014\/12\/Odyssee_2017_38-300x200.jpg 300w\" sizes=\"(max-width: 600px) 100vw, 600px\" \/>[\/vc_column_text][vc_column_text]<img loading=\"lazy\" decoding=\"async\" class=\"alignnone size-full wp-image-735\" src=\"http:\/\/lesgarderieslodyssee.com\/wp-content\/uploads\/2015\/01\/article.jpg\" alt=\"\" width=\"310\" height=\"206\" srcset=\"http:\/\/lesgarderieslodyssee.com\/wp-content\/uploads\/2015\/01\/article.jpg 310w, http:\/\/lesgarderieslodyssee.com\/wp-content\/uploads\/2015\/01\/article-300x199.jpg 300w\" sizes=\"(max-width: 310px) 100vw, 310px\" \/>[\/vc_column_text][\/vc_column][vc_column width= &raquo;1\/2&Prime;][vc_column_text]<\/p>\n<h2>Activit\u00e9s sp\u00e9ciales<\/h2>\n<ul>\n<li>F\u00eates d\u2019anniversaires pour les enfants<\/li>\n<li>Bricolages sp\u00e9ciaux<\/li>\n<li>Accueil d\u2019invit\u00e9s<\/li>\n<li>Concours de citrouilles<\/li>\n<li>Visite du P\u00e8re No\u00ebl<\/li>\n<li>Activit\u00e9s culinaires<\/li>\n<li>Th\u00e9matiques mensuelles<\/li>\n<\/ul>\n<p>[\/vc_column_text][vc_column_text]<\/p>\n<h2>Sorties \u00e9ducatives<\/h2>\n<ul>\n<li>Sortie au verger<\/li>\n<li>Visite de la ferme de P\u00e2ques<\/li>\n<li>Sortie pour assister \u00e0 une pi\u00e8ce de th\u00e9\u00e2tre<\/li>\n<li>Visite \u00e0 la caserne de pompiers<\/li>\n<\/ul>\n<h2>\u00c9v\u00e8nements<\/h2>\n<ul>\n<li>S\u00e9ance photo de votre enfant et de son groupe<\/li>\n<li>Pr\u00e9sentation de spectacles mettant en vedette les enfants<\/li>\n<\/ul>\n<p>*En raison de la Covid-19 plusieurs activit\u00e9s et \u00e9v\u00e8nements ne peuvent \u00eatre r\u00e9alis\u00e9s afin de respecter les mesures sanitaires en vigueurs.<\/p>\n<p>[\/vc_column_text][\/vc_column][\/vc_row]<\/p>\n","protected":false},"excerpt":{"rendered":"<p>[vc_row][vc_column][vc_column_text]Les garderies L\u2019Odyss\u00e9e, c\u2019est aussi des activit\u00e9s sp\u00e9ciales au rythme des f\u00eates et des saisons, des sorties \u00e9ducatives, et la participation \u00e0 des \u00e9v\u00e8nements divertissants tout au long de l\u2019ann\u00e9e![\/vc_column_text][\/vc_column][\/vc_row][vc_row][vc_column width= &raquo;1\/2&Prime;][vc_column_text][\/vc_column_text][vc_column_text][\/vc_column_text][\/vc_column][vc_column width= &raquo;1\/2&Prime;][vc_column_text] Activit\u00e9s sp\u00e9ciales F\u00eates d\u2019anniversaires pour les enfants Bricolages sp\u00e9ciaux Accueil d\u2019invit\u00e9s Concours de citrouilles Visite du P\u00e8re No\u00ebl Activit\u00e9s culinaires Th\u00e9matiques <a href=\"http:\/\/lesgarderieslodyssee.com\/?page_id=482\">[&#8230;]<\/a><\/p>\n","protected":false},"author":1,"featured_media":0,"parent":0,"menu_order":0,"comment_status":"open","ping_status":"open","template":"page-fullwidth.php","meta":{"footnotes":""},"_links":{"self":[{"href":"http:\/\/lesgarderieslodyssee.com\/index.php?rest_route=\/wp\/v2\/pages\/482"}],"collection":[{"href":"http:\/\/lesgarderieslodyssee.com\/index.php?rest_route=\/wp\/v2\/pages"}],"about":[{"href":"http:\/\/lesgarderieslodyssee.com\/index.php?rest_route=\/wp\/v2\/types\/page"}],"author":[{"embeddable":true,"href":"http:\/\/lesgarderieslodyssee.com\/index.php?rest_route=\/wp\/v2\/users\/1"}],"replies":[{"embeddable":true,"href":"http:\/\/lesgarderieslodyssee.com\/index.php?rest_route=%2Fwp%2Fv2%2Fcomments&post=482"}],"version-history":[{"count":10,"href":"http:\/\/lesgarderieslodyssee.com\/index.php?rest_route=\/wp\/v2\/pages\/482\/revisions"}],"predecessor-version":[{"id":3241,"href":"http:\/\/lesgarderieslodyssee.com\/index.php?rest_route=\/wp\/v2\/pages\/482\/revisions\/3241"}],"wp:attachment":[{"href":"http:\/\/lesgarderieslodyssee.com\/index.php?rest_route=%2Fwp%2Fv2%2Fmedia&parent=482"}],"curies":[{"name":"wp","href":"https:\/\/api.w.org\/{rel}","templated":true}]}}