{"id":490,"date":"2014-12-15T04:58:52","date_gmt":"2014-12-15T03:58:52","guid":{"rendered":"https:\/\/www.agencetague.com\/odyssee\/?page_id=490"},"modified":"2017-05-24T20:40:29","modified_gmt":"2017-05-24T19:40:29","slug":"menu","status":"publish","type":"page","link":"http:\/\/lesgarderieslodyssee.com\/?page_id=490","title":{"rendered":"Menu"},"content":{"rendered":"<p>[vc_row][vc_column width= &raquo;1\/2&Prime;][vc_column_text]<img loading=\"lazy\" decoding=\"async\" class=\"alignnone size-wysija-newsletters-max wp-image-491\" src=\"http:\/\/lesgarderieslodyssee.com\/wp-content\/uploads\/2014\/12\/Odyssee_008-600x400.jpg\" alt=\"\" width=\"600\" height=\"400\" srcset=\"http:\/\/lesgarderieslodyssee.com\/wp-content\/uploads\/2014\/12\/Odyssee_008-600x400.jpg 600w, http:\/\/lesgarderieslodyssee.com\/wp-content\/uploads\/2014\/12\/Odyssee_008-300x200.jpg 300w, http:\/\/lesgarderieslodyssee.com\/wp-content\/uploads\/2014\/12\/Odyssee_008.jpg 1000w\" sizes=\"(max-width: 600px) 100vw, 600px\" \/>[\/vc_column_text][\/vc_column][vc_column width= &raquo;1\/2&Prime;][vc_column_text]D\u00e9jeuner, d\u00eener, collation de l\u2019avant-midi et de l\u2019apr\u00e8s-midi\u2026 Tous les repas offerts aux enfants sont fournis par la garderie. Notez toutefois qu\u2019un l\u00e9ger suppl\u00e9ment est demand\u00e9 aux parents d\u00e9sireux de se pr\u00e9valoir du service de d\u00e9jeuners pour leurs enfants.<\/p>\n<p>Chaque semaine, un nouveau menu est \u00e9labor\u00e9 et affich\u00e9 en tout temps \u00e0 l\u2019entr\u00e9e principale de la garderie. Conformes au Guide alimentaire canadien, nos menus sont con\u00e7us en tenant compte des besoins nutritionnels des enfants, et nous nous assurons d\u2019utiliser uniquement des aliments de premi\u00e8re qualit\u00e9. Un menu adapt\u00e9 est propos\u00e9 aux enfants pr\u00e9sentant des restrictions alimentaires.[\/vc_column_text][\/vc_column][\/vc_row]<\/p>\n","protected":false},"excerpt":{"rendered":"<p>[vc_row][vc_column width= &raquo;1\/2&Prime;][vc_column_text][\/vc_column_text][\/vc_column][vc_column width= &raquo;1\/2&Prime;][vc_column_text]D\u00e9jeuner, d\u00eener, collation de l\u2019avant-midi et de l\u2019apr\u00e8s-midi\u2026 Tous les repas offerts aux enfants sont fournis par la garderie. Notez toutefois qu\u2019un l\u00e9ger suppl\u00e9ment est demand\u00e9 aux parents d\u00e9sireux de se pr\u00e9valoir du service de d\u00e9jeuners pour leurs enfants. Chaque semaine, un nouveau menu est \u00e9labor\u00e9 et affich\u00e9 en tout temps <a href=\"http:\/\/lesgarderieslodyssee.com\/?page_id=490\">[&#8230;]<\/a><\/p>\n","protected":false},"author":1,"featured_media":0,"parent":0,"menu_order":0,"comment_status":"open","ping_status":"open","template":"page-fullwidth.php","meta":{"footnotes":""},"_links":{"self":[{"href":"http:\/\/lesgarderieslodyssee.com\/index.php?rest_route=\/wp\/v2\/pages\/490"}],"collection":[{"href":"http:\/\/lesgarderieslodyssee.com\/index.php?rest_route=\/wp\/v2\/pages"}],"about":[{"href":"http:\/\/lesgarderieslodyssee.com\/index.php?rest_route=\/wp\/v2\/types\/page"}],"author":[{"embeddable":true,"href":"http:\/\/lesgarderieslodyssee.com\/index.php?rest_route=\/wp\/v2\/users\/1"}],"replies":[{"embeddable":true,"href":"http:\/\/lesgarderieslodyssee.com\/index.php?rest_route=%2Fwp%2Fv2%2Fcomments&post=490"}],"version-history":[{"count":4,"href":"http:\/\/lesgarderieslodyssee.com\/index.php?rest_route=\/wp\/v2\/pages\/490\/revisions"}],"predecessor-version":[{"id":3168,"href":"http:\/\/lesgarderieslodyssee.com\/index.php?rest_route=\/wp\/v2\/pages\/490\/revisions\/3168"}],"wp:attachment":[{"href":"http:\/\/lesgarderieslodyssee.com\/index.php?rest_route=%2Fwp%2Fv2%2Fmedia&parent=490"}],"curies":[{"name":"wp","href":"https:\/\/api.w.org\/{rel}","templated":true}]}}