{"id":505,"date":"2014-12-15T13:50:25","date_gmt":"2014-12-15T12:50:25","guid":{"rendered":"https:\/\/www.agencetague.com\/odyssee\/?page_id=505"},"modified":"2017-05-24T20:53:33","modified_gmt":"2017-05-24T19:53:33","slug":"admissibilite","status":"publish","type":"page","link":"http:\/\/lesgarderieslodyssee.com\/?page_id=505","title":{"rendered":"Admissibilit\u00e9"},"content":{"rendered":"<p>[vc_row][vc_column][vc_column_text]<\/p>\n<h3>Pour \u00eatre admissible aux garderies L\u2019Odyss\u00e9e, vous devez\u00a0:<\/h3>\n<ul>\n<li>Fournir l\u2019original du certificat de naissance de votre enfant et du parent demandeur. Des copies pour nos dossiers seront effectu\u00e9es sur place.<\/li>\n<li>Signer l\u2019entente de service et les annexes.<\/li>\n<li>Respecter les r\u00e8gles de la r\u00e9gie interne de la garderie L\u2019Odyss\u00e9e.<\/li>\n<li>Fournir un d\u00e9p\u00f4t de 10\u00a0$ pour la puce \u00e9lectronique du Gardeplus.<\/li>\n<\/ul>\n<h3>Vous devez \u00e9galement compl\u00e9ter les documents suivants\u00a0:<\/h3>\n<ul>\n<li>Fiche d\u2019inscription.<\/li>\n<li>Protocoles, autorisation pour produits d\u2019hygi\u00e8ne, autorisation de photos, formulaire d\u2019allergies.<\/li>\n<li>Formulaire de pr\u00e9l\u00e8vements bancaires et sp\u00e9cimen de ch\u00e8que.<\/li>\n<\/ul>\n<p>Ces documents doivent \u00eatre compl\u00e9t\u00e9s avant la premi\u00e8re journ\u00e9e de garde.<\/p>\n<h2>Confidentialit\u00e9<\/h2>\n<p>Notez que les renseignements contenus dans les fiches d\u2019inscription sont strictement confidentiels. Nul ne peut en donner ou en recevoir une communication \u00e9crite ou verbale, ou y avoir acc\u00e8s d\u2019une quelconque autre mani\u00e8re, si ce n\u2019est avec l\u2019autorisation du titulaire parental.[\/vc_column_text][\/vc_column][\/vc_row]<\/p>\n","protected":false},"excerpt":{"rendered":"<p>[vc_row][vc_column][vc_column_text] Pour \u00eatre admissible aux garderies L\u2019Odyss\u00e9e, vous devez\u00a0: Fournir l\u2019original du certificat de naissance de votre enfant et du parent demandeur. Des copies pour nos dossiers seront effectu\u00e9es sur place. Signer l\u2019entente de service et les annexes. Respecter les r\u00e8gles de la r\u00e9gie interne de la garderie L\u2019Odyss\u00e9e. Fournir un d\u00e9p\u00f4t de 10\u00a0$ pour <a href=\"http:\/\/lesgarderieslodyssee.com\/?page_id=505\">[&#8230;]<\/a><\/p>\n","protected":false},"author":1,"featured_media":0,"parent":0,"menu_order":0,"comment_status":"open","ping_status":"open","template":"page-fullwidth.php","meta":{"footnotes":""},"_links":{"self":[{"href":"http:\/\/lesgarderieslodyssee.com\/index.php?rest_route=\/wp\/v2\/pages\/505"}],"collection":[{"href":"http:\/\/lesgarderieslodyssee.com\/index.php?rest_route=\/wp\/v2\/pages"}],"about":[{"href":"http:\/\/lesgarderieslodyssee.com\/index.php?rest_route=\/wp\/v2\/types\/page"}],"author":[{"embeddable":true,"href":"http:\/\/lesgarderieslodyssee.com\/index.php?rest_route=\/wp\/v2\/users\/1"}],"replies":[{"embeddable":true,"href":"http:\/\/lesgarderieslodyssee.com\/index.php?rest_route=%2Fwp%2Fv2%2Fcomments&post=505"}],"version-history":[{"count":7,"href":"http:\/\/lesgarderieslodyssee.com\/index.php?rest_route=\/wp\/v2\/pages\/505\/revisions"}],"predecessor-version":[{"id":3173,"href":"http:\/\/lesgarderieslodyssee.com\/index.php?rest_route=\/wp\/v2\/pages\/505\/revisions\/3173"}],"wp:attachment":[{"href":"http:\/\/lesgarderieslodyssee.com\/index.php?rest_route=%2Fwp%2Fv2%2Fmedia&parent=505"}],"curies":[{"name":"wp","href":"https:\/\/api.w.org\/{rel}","templated":true}]}}