{"id":511,"date":"2014-12-15T18:02:04","date_gmt":"2014-12-15T17:02:04","guid":{"rendered":"https:\/\/www.agencetague.com\/odyssee\/?page_id=511"},"modified":"2021-03-18T12:13:05","modified_gmt":"2021-03-18T17:13:05","slug":"liste_attente_presincription_frais","status":"publish","type":"page","link":"http:\/\/lesgarderieslodyssee.com\/?page_id=511","title":{"rendered":"Liste d&rsquo;attente et frais de garde"},"content":{"rendered":"<p>[vc_row][vc_column][vc_column_text]Notre liste d\u2019attente est administr\u00e9e par la liste d\u2019attente centralis\u00e9e <em>La Place 0-5 ans<\/em>. Vous attendez un enfant et vous aimeriez l\u2019inscrire \u00e0 l\u2019une des garderies L\u2019Odyss\u00e9e? Nous vous invitons \u00e0 remplir le formulaire en ligne d\u00e8s le moment o\u00f9 vous \u00eates enceinte![\/vc_column_text][\/vc_column][\/vc_row][vc_row bg_type= &raquo;bg_color &raquo; bg_color_value= &raquo;#f7f7f7&Prime;][vc_column][vc_column_text]<\/p>\n<h2 style=\"text-align: center;\">R\u00e9servez une place pour votre enfant maintenant!<\/h2>\n<p style=\"text-align: center;\">\u00cates-vous inscrits sur la liste d\u2019attente centralis\u00e9e <em>La Place 0-5 ans<\/em>?<\/p>\n<p>[\/vc_column_text][vc_row_inner][vc_column_inner]<div class=\" ubtn-ctn-center \"><a class=\"ubtn-link ult-adjust-bottom-margin ubtn-center ubtn-custom \"  rel='' href = \"https:\/\/www.laplace0-5.com\/in\/faces\/homeInBook.xhtml\" target='_blank'><button type=\"button\" id=\"ubtn-1039\" class=\"ubtn ult-adjust-bottom-margin ult-responsive ubtn-custom ubtn-fade-bg  none  ubtn-center   tooltip-69d1ed63dfb98\"  data-hover=\"\" data-border-color=\"\" data-bg=\"#ea5839\" data-hover-bg=\"#f37155\" data-border-hover=\"\" data-shadow-hover=\"\" data-shadow-click=\"none\" data-shadow=\"\" data-shd-shadow=\"\"  data-ultimate-target='#ubtn-1039'  data-responsive-json-new='{\"font-size\":\"\",\"line-height\":\"\"}'  style=\"font-weight:normal;width:px;min-height:px;padding:10px 20px;border:none;background: #ea5839;color: #ffffff;\"><span class=\"ubtn-hover\" style=\"background-color:#f37155\"><\/span><span class=\"ubtn-data ubtn-text \" >S'inscrire<\/span><\/button><\/a><\/div>[\/vc_column_inner][\/vc_row_inner][\/vc_column][\/vc_row][vc_row][vc_column][vc_column_text]Pour toute admission d\u2019un nouvel enfant \u00e0 nos garderies, la date d\u2019inscription sur la liste d\u2019attente servira de point de r\u00e9f\u00e9rence.<\/p>\n<p>En accord avec notre mission et nos orientations, un nombre de places pr\u00e9d\u00e9termin\u00e9 est prioris\u00e9 selon les crit\u00e8res suivants\u00a0:<\/p>\n<ul>\n<li>Enfants d&rsquo;une m\u00eame fratrie<\/li>\n<li>Enfants \u00e0 besoins particuliers.<\/li>\n<li>Enfants provenant de milieux d\u00e9favoris\u00e9s.<\/li>\n<li>Enfants ayant immigr\u00e9 r\u00e9cemment.<\/li>\n<\/ul>\n<p>Une seule inscription suffit pour l\u2019ensemble de nos installations. Elle sera conserv\u00e9e jusqu\u2019\u00e0 ce que l\u2019on vous offre une place \u00e0 l\u2019une de nos garderies subventionn\u00e9es qui vous convient.<\/p>\n<h2>Frais de garde<\/h2>\n<p>Les frais de garde exigibles par les garderies subventionn\u00e9es L\u2019Odyss\u00e9e sont assujettis aux politiques de financement du Minist\u00e8re de la Famille (MFA) du gouvernement du Qu\u00e9bec et sont sujets \u00e0 changements selon les lois en vigueur.[\/vc_column_text][\/vc_column][\/vc_row]<\/p>\n","protected":false},"excerpt":{"rendered":"<p>[vc_row][vc_column][vc_column_text]Notre liste d\u2019attente est administr\u00e9e par la liste d\u2019attente centralis\u00e9e La Place 0-5 ans. Vous attendez un enfant et vous aimeriez l\u2019inscrire \u00e0 l\u2019une des garderies L\u2019Odyss\u00e9e? Nous vous invitons \u00e0 remplir le formulaire en ligne d\u00e8s le moment o\u00f9 vous \u00eates enceinte![\/vc_column_text][\/vc_column][\/vc_row][vc_row bg_type= &raquo;bg_color &raquo; bg_color_value= &raquo;#f7f7f7&Prime;][vc_column][vc_column_text] R\u00e9servez une place pour votre enfant maintenant! <a href=\"http:\/\/lesgarderieslodyssee.com\/?page_id=511\">[&#8230;]<\/a><\/p>\n","protected":false},"author":1,"featured_media":0,"parent":0,"menu_order":0,"comment_status":"open","ping_status":"open","template":"page-fullwidth.php","meta":{"footnotes":""},"_links":{"self":[{"href":"http:\/\/lesgarderieslodyssee.com\/index.php?rest_route=\/wp\/v2\/pages\/511"}],"collection":[{"href":"http:\/\/lesgarderieslodyssee.com\/index.php?rest_route=\/wp\/v2\/pages"}],"about":[{"href":"http:\/\/lesgarderieslodyssee.com\/index.php?rest_route=\/wp\/v2\/types\/page"}],"author":[{"embeddable":true,"href":"http:\/\/lesgarderieslodyssee.com\/index.php?rest_route=\/wp\/v2\/users\/1"}],"replies":[{"embeddable":true,"href":"http:\/\/lesgarderieslodyssee.com\/index.php?rest_route=%2Fwp%2Fv2%2Fcomments&post=511"}],"version-history":[{"count":9,"href":"http:\/\/lesgarderieslodyssee.com\/index.php?rest_route=\/wp\/v2\/pages\/511\/revisions"}],"predecessor-version":[{"id":3235,"href":"http:\/\/lesgarderieslodyssee.com\/index.php?rest_route=\/wp\/v2\/pages\/511\/revisions\/3235"}],"wp:attachment":[{"href":"http:\/\/lesgarderieslodyssee.com\/index.php?rest_route=%2Fwp%2Fv2%2Fmedia&parent=511"}],"curies":[{"name":"wp","href":"https:\/\/api.w.org\/{rel}","templated":true}]}}