{"id":518,"date":"2014-12-15T18:11:11","date_gmt":"2014-12-15T17:11:11","guid":{"rendered":"https:\/\/www.agencetague.com\/odyssee\/?page_id=518"},"modified":"2017-05-25T13:12:36","modified_gmt":"2017-05-25T12:12:36","slug":"comite_parents","status":"publish","type":"page","link":"http:\/\/lesgarderieslodyssee.com\/?page_id=518","title":{"rendered":"Comit\u00e9 de parents"},"content":{"rendered":"<p>[vc_row][vc_column][vc_column_text]<img loading=\"lazy\" decoding=\"async\" class=\"alignnone wp-image-519 size-full\" src=\"http:\/\/lesgarderieslodyssee.com\/wp-content\/uploads\/2014\/12\/comite_parent.jpg\" alt=\"\" width=\"1000\" height=\"525\" srcset=\"http:\/\/lesgarderieslodyssee.com\/wp-content\/uploads\/2014\/12\/comite_parent.jpg 1000w, http:\/\/lesgarderieslodyssee.com\/wp-content\/uploads\/2014\/12\/comite_parent-300x157.jpg 300w, http:\/\/lesgarderieslodyssee.com\/wp-content\/uploads\/2014\/12\/comite_parent-600x315.jpg 600w\" sizes=\"(max-width: 1000px) 100vw, 1000px\" \/>[\/vc_column_text][vc_column_text]<\/p>\n<h2>Un comit\u00e9 \u00e9lu par vous, pour vous<\/h2>\n<p>Chacune de nos garderies L\u2019Odyss\u00e9e poss\u00e8de un comit\u00e9 de parents compos\u00e9 de cinq personnes ou plus, \u00e9lues par et parmi les parents d\u2019enfants re\u00e7us dans la garderie. Les comit\u00e9s ne comptent aucun propri\u00e9taire ou membre du personnel.<\/p>\n<p>Le comit\u00e9 de parents de chaque garderie est consult\u00e9 par la direction sur divers aspects, tels que l\u2019application du programme \u00e9ducatif, l\u2019acquisition et l\u2019utilisation du mat\u00e9riel \u00e9ducatif et de l\u2019\u00e9quipement utilis\u00e9 dans la garderie, la localisation ou le changement de localisation de la garderie, l\u2019am\u00e9nagement et l\u2019ameublement de la garderie, les services fournis dans la garderie et le traitement des plaintes. Ce comit\u00e9 est consultatif sur les aspects touchant le programme \u00e9ducatif pour les enfants de la garderie et a la responsabilit\u00e9 de s\u2019assurer qu\u2019il soit dispens\u00e9.<\/p>\n<p>Avant le 15 octobre de chaque ann\u00e9e, la direction de la garderie convoque \u00e0 une assembl\u00e9e g\u00e9n\u00e9rale, par \u00e9crit, tous les parents afin qu\u2019ils \u00e9lisent leurs repr\u00e9sentants au comit\u00e9 de parents. Conform\u00e9ment \u00e0 la loi sur les services de garde \u00e9ducatifs \u00e0 l\u2019enfance, le comit\u00e9 de parents est convoqu\u00e9 minimalement quatre fois par ann\u00e9e \u00e0 des r\u00e9unions \u00e9ducatives.<\/p>\n<h2>Un suivi r\u00e9gulier du d\u00e9veloppement de votre enfant, offert \u00e0 tous les parents<\/h2>\n<p>De plus, pour le bien-\u00eatre des enfants, la garderie favorise une participation active et une communication positive entre l\u2019\u00e9quipe \u00e9ducative et l\u2019ensemble des parents. Des rencontres ponctuelles sont planifi\u00e9es, et un r\u00e9sum\u00e9 du d\u00e9roulement de chaque journ\u00e9e est disponible pour tout parent d\u00e9sireux de connaitre les int\u00e9r\u00eats, le niveau de participation et le d\u00e9veloppement global de son enfant.[\/vc_column_text][\/vc_column][\/vc_row]<\/p>\n","protected":false},"excerpt":{"rendered":"<p>[vc_row][vc_column][vc_column_text][\/vc_column_text][vc_column_text] Un comit\u00e9 \u00e9lu par vous, pour vous Chacune de nos garderies L\u2019Odyss\u00e9e poss\u00e8de un comit\u00e9 de parents compos\u00e9 de cinq personnes ou plus, \u00e9lues par et parmi les parents d\u2019enfants re\u00e7us dans la garderie. Les comit\u00e9s ne comptent aucun propri\u00e9taire ou membre du personnel. Le comit\u00e9 de parents de chaque garderie est consult\u00e9 par <a href=\"http:\/\/lesgarderieslodyssee.com\/?page_id=518\">[&#8230;]<\/a><\/p>\n","protected":false},"author":1,"featured_media":0,"parent":0,"menu_order":0,"comment_status":"open","ping_status":"open","template":"page-fullwidth.php","meta":{"footnotes":""},"_links":{"self":[{"href":"http:\/\/lesgarderieslodyssee.com\/index.php?rest_route=\/wp\/v2\/pages\/518"}],"collection":[{"href":"http:\/\/lesgarderieslodyssee.com\/index.php?rest_route=\/wp\/v2\/pages"}],"about":[{"href":"http:\/\/lesgarderieslodyssee.com\/index.php?rest_route=\/wp\/v2\/types\/page"}],"author":[{"embeddable":true,"href":"http:\/\/lesgarderieslodyssee.com\/index.php?rest_route=\/wp\/v2\/users\/1"}],"replies":[{"embeddable":true,"href":"http:\/\/lesgarderieslodyssee.com\/index.php?rest_route=%2Fwp%2Fv2%2Fcomments&post=518"}],"version-history":[{"count":7,"href":"http:\/\/lesgarderieslodyssee.com\/index.php?rest_route=\/wp\/v2\/pages\/518\/revisions"}],"predecessor-version":[{"id":3181,"href":"http:\/\/lesgarderieslodyssee.com\/index.php?rest_route=\/wp\/v2\/pages\/518\/revisions\/3181"}],"wp:attachment":[{"href":"http:\/\/lesgarderieslodyssee.com\/index.php?rest_route=%2Fwp%2Fv2%2Fmedia&parent=518"}],"curies":[{"name":"wp","href":"https:\/\/api.w.org\/{rel}","templated":true}]}}