{"id":536,"date":"2014-12-15T20:34:22","date_gmt":"2014-12-15T19:34:22","guid":{"rendered":"https:\/\/www.agencetague.com\/odyssee\/?page_id=536"},"modified":"2026-01-12T11:57:05","modified_gmt":"2026-01-12T16:57:05","slug":"offre-demploi","status":"publish","type":"page","link":"http:\/\/lesgarderieslodyssee.com\/?page_id=536","title":{"rendered":"Babillard &#8211; Offre d&#8217;emploi"},"content":{"rendered":"<p>[vc_row][vc_column width= &raquo;1\/2&Prime;][vc_column_text]Les garderies L\u2019Odyss\u00e9e sont toujours heureuses de recevoir des candidatures spontan\u00e9es.<\/p>\n<p>Postes disponibles pr\u00e9sentement :<\/p>\n<p>1 poste Chef-Cuisinier\/\u00e8re<\/p>\n<p>1 poste \u00e9ducateur(trice) qualifi\u00e9(e)<\/p>\n<p>C\u2019est avec plaisir \u00e9galement que nous \u00e9changerons et partagerons notre exp\u00e9rience avec des stagiaires d\u00e9sireux d\u2019en apprendre plus sur l\u2019univers stimulant des services de garde.<\/p>\n<p>Contactez-nous![\/vc_column_text][\/vc_column][vc_column width= &raquo;1\/2&Prime;]<div role=\"form\" class=\"wpcf7\" id=\"wpcf7-f3184-o1\" lang=\"fr-FR\" dir=\"ltr\">\n<div class=\"screen-reader-response\"><\/div>\n<form action=\"\/index.php?rest_route=%2Fwp%2Fv2%2Fpages%2F536#wpcf7-f3184-o1\" method=\"post\" class=\"wpcf7-form\" novalidate=\"novalidate\">\n<div style=\"display: none;\">\n<input type=\"hidden\" name=\"_wpcf7\" value=\"3184\" \/>\n<input type=\"hidden\" name=\"_wpcf7_version\" value=\"5.1.6\" \/>\n<input type=\"hidden\" name=\"_wpcf7_locale\" value=\"fr_FR\" \/>\n<input type=\"hidden\" name=\"_wpcf7_unit_tag\" value=\"wpcf7-f3184-o1\" \/>\n<input type=\"hidden\" name=\"_wpcf7_container_post\" value=\"0\" \/>\n<\/div>\n<p>Votre nom (obligatoire)<br \/>\n    <span class=\"wpcf7-form-control-wrap your-name\"><input type=\"text\" name=\"your-name\" value=\"\" size=\"40\" class=\"wpcf7-form-control wpcf7-text wpcf7-validates-as-required\" aria-required=\"true\" aria-invalid=\"false\" \/><\/span> <\/p>\n<p>Votre adresse courriel (obligatoire)<br \/>\n    <span class=\"wpcf7-form-control-wrap your-email\"><input type=\"email\" name=\"your-email\" value=\"\" size=\"40\" class=\"wpcf7-form-control wpcf7-text wpcf7-email wpcf7-validates-as-required wpcf7-validates-as-email\" aria-required=\"true\" aria-invalid=\"false\" \/><\/span> <\/p>\n<p>Sujet<br \/>\n    <span class=\"wpcf7-form-control-wrap your-subject\"><input type=\"text\" name=\"your-subject\" value=\"Candidature\" size=\"40\" class=\"wpcf7-form-control wpcf7-text\" aria-invalid=\"false\" \/><\/span> <\/p>\n<p>Votre message<br \/>\n    <span class=\"wpcf7-form-control-wrap your-message\"><textarea name=\"your-message\" cols=\"40\" rows=\"10\" class=\"wpcf7-form-control wpcf7-textarea\" aria-invalid=\"false\"><\/textarea><\/span> <\/p>\n<p><input type=\"submit\" value=\"Envoyer\" class=\"wpcf7-form-control wpcf7-submit\" \/><\/p>\n<div class=\"wpcf7-response-output wpcf7-display-none\"><\/div><\/form><\/div>[\/vc_column][\/vc_row]<\/p>\n","protected":false},"excerpt":{"rendered":"<p>[vc_row][vc_column width= &raquo;1\/2&Prime;][vc_column_text]Les garderies L\u2019Odyss\u00e9e sont toujours heureuses de recevoir des candidatures spontan\u00e9es. Postes disponibles pr\u00e9sentement : 1 poste Chef-Cuisinier\/\u00e8re 1 poste \u00e9ducateur(trice) qualifi\u00e9(e) C\u2019est avec plaisir \u00e9galement que nous \u00e9changerons et partagerons notre exp\u00e9rience avec des stagiaires d\u00e9sireux d\u2019en apprendre plus sur l\u2019univers stimulant des services de garde. Contactez-nous![\/vc_column_text][\/vc_column][vc_column width= &raquo;1\/2&Prime;][\/vc_column][\/vc_row]<\/p>\n","protected":false},"author":1,"featured_media":0,"parent":0,"menu_order":0,"comment_status":"open","ping_status":"open","template":"page-fullwidth.php","meta":{"footnotes":""},"_links":{"self":[{"href":"http:\/\/lesgarderieslodyssee.com\/index.php?rest_route=\/wp\/v2\/pages\/536"}],"collection":[{"href":"http:\/\/lesgarderieslodyssee.com\/index.php?rest_route=\/wp\/v2\/pages"}],"about":[{"href":"http:\/\/lesgarderieslodyssee.com\/index.php?rest_route=\/wp\/v2\/types\/page"}],"author":[{"embeddable":true,"href":"http:\/\/lesgarderieslodyssee.com\/index.php?rest_route=\/wp\/v2\/users\/1"}],"replies":[{"embeddable":true,"href":"http:\/\/lesgarderieslodyssee.com\/index.php?rest_route=%2Fwp%2Fv2%2Fcomments&post=536"}],"version-history":[{"count":4,"href":"http:\/\/lesgarderieslodyssee.com\/index.php?rest_route=\/wp\/v2\/pages\/536\/revisions"}],"predecessor-version":[{"id":3250,"href":"http:\/\/lesgarderieslodyssee.com\/index.php?rest_route=\/wp\/v2\/pages\/536\/revisions\/3250"}],"wp:attachment":[{"href":"http:\/\/lesgarderieslodyssee.com\/index.php?rest_route=%2Fwp%2Fv2%2Fmedia&parent=536"}],"curies":[{"name":"wp","href":"https:\/\/api.w.org\/{rel}","templated":true}]}}