{"id":57,"date":"2013-11-25T23:24:06","date_gmt":"2013-11-25T23:24:06","guid":{"rendered":"http:\/\/showcase.themesonwheels.com\/carry-hill\/?page_id=57"},"modified":"2021-03-18T12:18:21","modified_gmt":"2021-03-18T17:18:21","slug":"contact","status":"publish","type":"page","link":"http:\/\/lesgarderieslodyssee.com\/?page_id=57","title":{"rendered":"Nous joindre"},"content":{"rendered":"<p>[vc_row][vc_column width= &raquo;1\/2&Prime;][vc_column_text]<\/p>\n<h2>Question d&rsquo;ordre g\u00e9n\u00e9ral<\/h2>\n<p>[\/vc_column_text]<div role=\"form\" class=\"wpcf7\" id=\"wpcf7-f529-o1\" lang=\"fr-FR\" dir=\"ltr\">\n<div class=\"screen-reader-response\"><\/div>\n<form action=\"\/index.php?rest_route=%2Fwp%2Fv2%2Fpages%2F57#wpcf7-f529-o1\" method=\"post\" class=\"wpcf7-form\" novalidate=\"novalidate\">\n<div style=\"display: none;\">\n<input type=\"hidden\" name=\"_wpcf7\" value=\"529\" \/>\n<input type=\"hidden\" name=\"_wpcf7_version\" value=\"5.1.6\" \/>\n<input type=\"hidden\" name=\"_wpcf7_locale\" value=\"fr_FR\" \/>\n<input type=\"hidden\" name=\"_wpcf7_unit_tag\" value=\"wpcf7-f529-o1\" \/>\n<input type=\"hidden\" name=\"_wpcf7_container_post\" value=\"0\" \/>\n<\/div>\n<p>Votre nom (obligatoire)<br \/>\n    <span class=\"wpcf7-form-control-wrap your-name\"><input type=\"text\" name=\"your-name\" value=\"\" size=\"40\" class=\"wpcf7-form-control wpcf7-text wpcf7-validates-as-required\" aria-required=\"true\" aria-invalid=\"false\" \/><\/span> <\/p>\n<p>Votre adresse courriel (obligatoire)<br \/>\n    <span class=\"wpcf7-form-control-wrap your-email\"><input type=\"email\" name=\"your-email\" value=\"\" size=\"40\" class=\"wpcf7-form-control wpcf7-text wpcf7-email wpcf7-validates-as-required wpcf7-validates-as-email\" aria-required=\"true\" aria-invalid=\"false\" \/><\/span> <\/p>\n<p>Sujet<br \/>\n    <span class=\"wpcf7-form-control-wrap your-subject\"><input type=\"text\" name=\"your-subject\" value=\"\" size=\"40\" class=\"wpcf7-form-control wpcf7-text\" aria-invalid=\"false\" \/><\/span> <\/p>\n<p>Votre message<br \/>\n    <span class=\"wpcf7-form-control-wrap your-message\"><textarea name=\"your-message\" cols=\"40\" rows=\"10\" class=\"wpcf7-form-control wpcf7-textarea\" aria-invalid=\"false\"><\/textarea><\/span> <\/p>\n<p><input type=\"submit\" value=\"Envoyer\" class=\"wpcf7-form-control wpcf7-submit\" \/><\/p>\n<div class=\"wpcf7-response-output wpcf7-display-none\"><\/div><\/form><\/div>[\/vc_column][vc_column width= &raquo;1\/2&Prime;][vc_column_text]<\/p>\n<h2>Les garderies l&rsquo;Odyss\u00e9e<\/h2>\n<h3>Adresses<\/h3>\n<p>715 suite 104 et 735 bvld d&rsquo;Iberville<br \/>\nSaint-Jean-sur-Richelieu, Qu\u00e9bec<br \/>\nJ2X 4S7<\/p>\n<p>(450) 376-1744<\/p>\n<h3>Heures d&rsquo;ouverture<\/h3>\n<p>Du lundi au vendredi<br \/>\nDe 8h30 \u00e0 16h45[\/vc_column_text][\/vc_column][\/vc_row]<\/p>\n<h2>Bureau administratif<\/h2>\n<h3>Adresse<\/h3>\n<p>148 Jacques-Cartier Nord<br \/>\nSaint-Jean-sur-Richelieu, Qu\u00e9bec<br \/>\nJ3B 6S6<\/p>\n<p>(514) 232-1515<\/p>\n<p>jade.samson@gpesamson.ca<\/p>\n","protected":false},"excerpt":{"rendered":"<p>[vc_row][vc_column width= &raquo;1\/2&Prime;][vc_column_text] Question d&rsquo;ordre g\u00e9n\u00e9ral [\/vc_column_text][\/vc_column][vc_column width= &raquo;1\/2&Prime;][vc_column_text] Les garderies l&rsquo;Odyss\u00e9e Adresses 715 suite 104 et 735 bvld d&rsquo;Iberville Saint-Jean-sur-Richelieu, Qu\u00e9bec J2X 4S7 (450) 376-1744 Heures d&rsquo;ouverture Du lundi au vendredi De 8h30 \u00e0 16h45[\/vc_column_text][\/vc_column][\/vc_row] Bureau administratif Adresse 148 Jacques-Cartier Nord Saint-Jean-sur-Richelieu, Qu\u00e9bec J3B 6S6 (514) 232-1515 jade.samson@gpesamson.ca<\/p>\n","protected":false},"author":1,"featured_media":0,"parent":0,"menu_order":0,"comment_status":"open","ping_status":"open","template":"page-fullwidth.php","meta":{"footnotes":""},"_links":{"self":[{"href":"http:\/\/lesgarderieslodyssee.com\/index.php?rest_route=\/wp\/v2\/pages\/57"}],"collection":[{"href":"http:\/\/lesgarderieslodyssee.com\/index.php?rest_route=\/wp\/v2\/pages"}],"about":[{"href":"http:\/\/lesgarderieslodyssee.com\/index.php?rest_route=\/wp\/v2\/types\/page"}],"author":[{"embeddable":true,"href":"http:\/\/lesgarderieslodyssee.com\/index.php?rest_route=\/wp\/v2\/users\/1"}],"replies":[{"embeddable":true,"href":"http:\/\/lesgarderieslodyssee.com\/index.php?rest_route=%2Fwp%2Fv2%2Fcomments&post=57"}],"version-history":[{"count":13,"href":"http:\/\/lesgarderieslodyssee.com\/index.php?rest_route=\/wp\/v2\/pages\/57\/revisions"}],"predecessor-version":[{"id":3239,"href":"http:\/\/lesgarderieslodyssee.com\/index.php?rest_route=\/wp\/v2\/pages\/57\/revisions\/3239"}],"wp:attachment":[{"href":"http:\/\/lesgarderieslodyssee.com\/index.php?rest_route=%2Fwp%2Fv2%2Fmedia&parent=57"}],"curies":[{"name":"wp","href":"https:\/\/api.w.org\/{rel}","templated":true}]}}