{"id":595,"date":"2014-12-17T20:11:39","date_gmt":"2014-12-17T19:11:39","guid":{"rendered":"https:\/\/www.agencetague.com\/odyssee\/?page_id=595"},"modified":"2017-06-14T19:19:53","modified_gmt":"2017-06-14T18:19:53","slug":"sieur_iberville","status":"publish","type":"page","link":"http:\/\/lesgarderieslodyssee.com\/?page_id=595","title":{"rendered":"Les garderies L\u2019Odyss\u00e9e Sieur d\u2019Iberville"},"content":{"rendered":"<p>[vc_row][vc_column][vc_column_text]<img loading=\"lazy\" decoding=\"async\" class=\"aligncenter wp-image-556 size-full\" src=\"http:\/\/lesgarderieslodyssee.com\/wp-content\/uploads\/2014\/12\/top_odysse_1.jpg\" alt=\"\" width=\"960\" height=\"300\" srcset=\"http:\/\/lesgarderieslodyssee.com\/wp-content\/uploads\/2014\/12\/top_odysse_1.jpg 960w, http:\/\/lesgarderieslodyssee.com\/wp-content\/uploads\/2014\/12\/top_odysse_1-300x93.jpg 300w, http:\/\/lesgarderieslodyssee.com\/wp-content\/uploads\/2014\/12\/top_odysse_1-600x187.jpg 600w\" sizes=\"(max-width: 960px) 100vw, 960px\" \/>[\/vc_column_text][\/vc_column][\/vc_row][vc_row][vc_column width= &raquo;2\/3&Prime;][vc_column_text]<\/p>\n<h1><\/h1>\n<p>Nos garderies subventionn\u00e9es comptent deux \u00e9tablissements, pour mieux vous servir.[\/vc_column_text][vc_column_text]<\/p>\n<hr \/>\n<h3><img loading=\"lazy\" decoding=\"async\" class=\"alignnone size-full wp-image-3218\" src=\"http:\/\/lesgarderieslodyssee.com\/wp-content\/uploads\/2014\/12\/Odyssee_715.jpg\" alt=\"Les Garderies L'Odyss\u00e9ee 715 boul d'Iberville\" width=\"600\" height=\"400\" srcset=\"http:\/\/lesgarderieslodyssee.com\/wp-content\/uploads\/2014\/12\/Odyssee_715.jpg 600w, http:\/\/lesgarderieslodyssee.com\/wp-content\/uploads\/2014\/12\/Odyssee_715-300x200.jpg 300w\" sizes=\"(max-width: 600px) 100vw, 600px\" \/><\/h3>\n<h3>Garderie du 715, boulevard d\u2019Iberville<\/h3>\n<p>Garderie subventionn\u00e9e de 60 places<\/p>\n<hr \/>\n<h3><img loading=\"lazy\" decoding=\"async\" class=\"alignnone size-full wp-image-3217\" src=\"http:\/\/lesgarderieslodyssee.com\/wp-content\/uploads\/2014\/12\/Odyssee_735.jpg\" alt=\"Les Garderies L'Odyss\u00e9e 735 boul d'Iberville\" width=\"600\" height=\"400\" srcset=\"http:\/\/lesgarderieslodyssee.com\/wp-content\/uploads\/2014\/12\/Odyssee_735.jpg 600w, http:\/\/lesgarderieslodyssee.com\/wp-content\/uploads\/2014\/12\/Odyssee_735-300x200.jpg 300w\" sizes=\"(max-width: 600px) 100vw, 600px\" \/><\/h3>\n<h3>Garderie du 735, boulevard d\u2019Iberville<\/h3>\n<p>Garderie subventionn\u00e9e de 80 places<\/p>\n<hr \/>\n<p>[\/vc_column_text][vc_column_text]Nos deux \u00e9tablissements offrent les services suivants\u00a0:<\/p>\n<ul>\n<li>Pouponni\u00e8re<\/li>\n<li>Places pour enfants \u00e0 besoins particuliers<\/li>\n<li>\u00c9quipe p\u00e9dagogique<\/li>\n<li>\u00c9ducatrices sp\u00e9cialis\u00e9es<\/li>\n<\/ul>\n<p>[\/vc_column_text][vc_row_inner css= &raquo;.vc_custom_1495650600717{background-color: #f7f7f7 !important;} &raquo;][vc_column_inner][vc_column_text]<\/p>\n<h2 style=\"text-align: center;\">R\u00e9servez une place pour votre enfant maintenant!<\/h2>\n<p style=\"text-align: center;\">\u00cates-vous inscrits sur la liste d\u2019attente centralis\u00e9e <em>La Place 0-5 ans<\/em>?<\/p>\n<p>[\/vc_column_text][\/vc_column_inner][\/vc_row_inner][vc_row_inner css= &raquo;.vc_custom_1495650681301{background-color: #f7f7f7 !important;} &raquo;][vc_column_inner width= &raquo;1\/4&Prime;][\/vc_column_inner][vc_column_inner width= &raquo;1\/4&Prime;]<div class=\" ubtn-ctn-right \"><a class=\"ubtn-link ult-adjust-bottom-margin ubtn-right ubtn-custom \"  rel='' href = \"https:\/\/www.agencetague.com\/odyssee\/liste_attente_presincription_frais\/\" ><button type=\"button\" id=\"ubtn-7565\" class=\"ubtn ult-adjust-bottom-margin ult-responsive ubtn-custom ubtn-fade-bg  none  ubtn-right   tooltip-69d1f2b2b713b\"  data-hover=\"\" data-border-color=\"\" data-bg=\"#ea5839\" data-hover-bg=\"#f37155\" data-border-hover=\"\" data-shadow-hover=\"\" data-shadow-click=\"none\" data-shadow=\"\" data-shd-shadow=\"\"  data-ultimate-target='#ubtn-7565'  data-responsive-json-new='{\"font-size\":\"\",\"line-height\":\"\"}'  style=\"font-weight:normal;width:px;min-height:px;padding:10px 20px;border:none;background: #ea5839;color: #ffffff;\"><span class=\"ubtn-hover\" style=\"background-color:#f37155\"><\/span><span class=\"ubtn-data ubtn-text \" >En savoir plus<\/span><\/button><\/a><\/div>[\/vc_column_inner][vc_column_inner width= &raquo;1\/4&Prime;]<div class=\" ubtn-ctn-left \"><a class=\"ubtn-link ult-adjust-bottom-margin ubtn-left ubtn-custom \"  rel='' href = \"https:\/\/www.laplace0-5.com\/in\/faces\/homeInBook.xhtml\" target='_blank'><button type=\"button\" id=\"ubtn-8119\" class=\"ubtn ult-adjust-bottom-margin ult-responsive ubtn-custom ubtn-fade-bg  none  ubtn-left   tooltip-69d1f2b2b722a\"  data-hover=\"\" data-border-color=\"\" data-bg=\"#ea5839\" data-hover-bg=\"#f37155\" data-border-hover=\"\" data-shadow-hover=\"\" data-shadow-click=\"none\" data-shadow=\"\" data-shd-shadow=\"\"  data-ultimate-target='#ubtn-8119'  data-responsive-json-new='{\"font-size\":\"\",\"line-height\":\"\"}'  style=\"font-weight:normal;width:px;min-height:px;padding:10px 20px;border:none;background: #ea5839;color: #ffffff;\"><span class=\"ubtn-hover\" style=\"background-color:#f37155\"><\/span><span class=\"ubtn-data ubtn-text \" >S'inscrire<\/span><\/button><\/a><\/div>[\/vc_column_inner][vc_column_inner width= &raquo;1\/4&Prime;][\/vc_column_inner][\/vc_row_inner][\/vc_column][vc_column width= &raquo;1\/3&Prime;]<h2 class=\"title align-center calendar-widget-title\" style=\"margin-top:0\">Calendrier<\/h2><div class='eme-calendar' id='eme-calendar-104'><table class='eme-calendar-table smallcalendar'>\n<thead><tr><th class='month_name' colspan='7'><a class='prev-month eme-cal-prev-month' href='#' data-full='0' data-htmltable='1' data-htmldiv='0' data-long_events='0' data-month='03' data-year='2026' data-category='0' data-author='' data-contact_person='' data-location_id='' data-notcategory='0' data-template_id='0' data-holiday_id='0' data-weekdays='' data-language='' data-calendar_divid='eme-calendar-104'>&lt;&lt;<\/a> Avr 2026 <a class='next-month eme-cal-next-month' href=\"#\" data-full='0' data-htmltable='1' data-htmldiv='0' data-long_events='0' data-month='05' data-year='2026' data-category='0' data-author='' data-contact_person='' data-location_id='' data-notcategory='0' data-template_id='0' data-holiday_id='0' data-weekdays='' data-language='' data-calendar_divid='eme-calendar-104'>&gt;&gt;<\/a><\/th>\n<\/tr><\/thead>\n<tr class='days-names'><td class='Mon_header'>L<\/td><td class='Tue_header'>M<\/td><td class='Wed_header'>M<\/td><td class='Thu_header'>J<\/td><td class='Fri_header'>V<\/td><td class='Sat_header'>S<\/td><td class='Sun_header'>D<\/td><\/tr>\n<tr><td class='Mon eventless-pre'><span class='span-eme-calday span-eme-calday-30'>30<\/td>\n<td class='Tue eventless-pre'><span class='span-eme-calday span-eme-calday-31'>31<\/td>\n<td class='Wed eventless'><span class='span-eme-calday span-eme-calday-1'>1<\/td>\n<td class='Thu eventless'><span class='span-eme-calday span-eme-calday-2'>2<\/td>\n<td class='Fri eventless'><span class='span-eme-calday span-eme-calday-3'>3<\/td>\n<td class='Sat eventless'><span class='span-eme-calday span-eme-calday-4'>4<\/td>\n<td class='Sun eventless-today'><span class='span-eme-calday span-eme-calday-5'>5<\/td>\n<\/tr>\n<tr><td class='Mon eventless'><span class='span-eme-calday span-eme-calday-6'>6<\/td>\n<td class='Tue eventless'><span class='span-eme-calday span-eme-calday-7'>7<\/td>\n<td class='Wed eventless'><span class='span-eme-calday span-eme-calday-8'>8<\/td>\n<td class='Thu eventless'><span class='span-eme-calday span-eme-calday-9'>9<\/td>\n<td class='Fri eventless'><span class='span-eme-calday span-eme-calday-10'>10<\/td>\n<td class='Sat eventless'><span class='span-eme-calday span-eme-calday-11'>11<\/td>\n<td class='Sun eventless'><span class='span-eme-calday span-eme-calday-12'>12<\/td>\n<\/tr>\n<tr><td class='Mon eventless'><span class='span-eme-calday span-eme-calday-13'>13<\/td>\n<td class='Tue eventless'><span class='span-eme-calday span-eme-calday-14'>14<\/td>\n<td class='Wed eventless'><span class='span-eme-calday span-eme-calday-15'>15<\/td>\n<td class='Thu eventless'><span class='span-eme-calday span-eme-calday-16'>16<\/td>\n<td class='Fri eventless'><span class='span-eme-calday span-eme-calday-17'>17<\/td>\n<td class='Sat eventless'><span class='span-eme-calday span-eme-calday-18'>18<\/td>\n<td class='Sun eventless'><span class='span-eme-calday span-eme-calday-19'>19<\/td>\n<\/tr>\n<tr><td class='Mon eventless'><span class='span-eme-calday span-eme-calday-20'>20<\/td>\n<td class='Tue eventless'><span class='span-eme-calday span-eme-calday-21'>21<\/td>\n<td class='Wed eventless'><span class='span-eme-calday span-eme-calday-22'>22<\/td>\n<td class='Thu eventless'><span class='span-eme-calday span-eme-calday-23'>23<\/td>\n<td class='Fri eventless'><span class='span-eme-calday span-eme-calday-24'>24<\/td>\n<td class='Sat eventless'><span class='span-eme-calday span-eme-calday-25'>25<\/td>\n<td class='Sun eventless'><span class='span-eme-calday span-eme-calday-26'>26<\/td>\n<\/tr>\n<tr><td class='Mon eventless'><span class='span-eme-calday span-eme-calday-27'>27<\/td>\n<td class='Tue eventless'><span class='span-eme-calday span-eme-calday-28'>28<\/td>\n<td class='Wed eventless'><span class='span-eme-calday span-eme-calday-29'>29<\/td>\n<td class='Thu eventless'><span class='span-eme-calday span-eme-calday-30'>30<\/td>\n<td class='Fri eventless-post'><span class='span-eme-calday span-eme-calday-1'>1<\/td>\n<td class='Sat eventless-post'><span class='span-eme-calday span-eme-calday-2'>2<\/td>\n<td class='Sun eventless-post'><span class='span-eme-calday span-eme-calday-3'>3<\/td>\n<\/tr>\n<\/table>\n<\/div>[vc_column_text]<\/p>\n<h3>Heures d&rsquo;ouverture<\/h3>\n<p>[\/vc_column_text]<div class=\"uavc-list-icon uavc-list-icon-wrapper ult-adjust-bottom-margin heures_sidebar  vc_custom_1495651319175  vc_custom_1495651319175\"><ul class=\"uavc-list\"><li><div class=\"uavc-list-content\" id=\"list-icon-wrap-9592\">\n<div class=\"uavc-list-icon  \" data-animation=\"\" data-animation-delay=\"03\" style=\"margin-right:5px;\"><div class=\"ult-just-icon-wrapper  \"><div class=\"align-icon\" style=\"text-align:center;\">\n<div class=\"aio-icon none \"  style=\"color:#0060ae;font-size:28px;display:inline-block;\">\n\t<i class=\"Defaults-clock-o\"><\/i>\n<\/div><\/div><\/div>\n<\/div><span  data-ultimate-target='#list-icon-wrap-9592 .uavc-list-desc'  data-responsive-json-new='{\"font-size\":\"\",\"line-height\":\"\"}'  class=\"uavc-list-desc ult-responsive\" style=\"\"><\/p>\n<h6>Du lundi au vendredi<\/h6>\n<h4>De 6h30 \u00e0 18h00<\/h4>\n<p>*Le d\u00eener est servi vers 11h00<\/span><\/div><\/li><\/ul><\/div>[vc_separator color= &raquo;custom &raquo; accent_color= &raquo;#d2d2d1&Prime;]<div class=\"uavc-list-icon uavc-list-icon-wrapper ult-adjust-bottom-margin heures_sidebar  vc_custom_1495651319175  vc_custom_1495651319175\"><ul class=\"uavc-list\"><li><div class=\"uavc-list-content\" id=\"list-icon-wrap-1016\">\n<div class=\"uavc-list-icon  \" data-animation=\"\" data-animation-delay=\"03\" style=\"margin-right:5px;\"><div class=\"ult-just-icon-wrapper  \"><div class=\"align-icon\" style=\"text-align:center;\">\n<div class=\"aio-icon none \"  style=\"color:#0060ae;font-size:28px;display:inline-block;\">\n\t<i class=\"Defaults-map-marker\"><\/i>\n<\/div><\/div><\/div>\n<\/div><span  data-ultimate-target='#list-icon-wrap-1016 .uavc-list-desc'  data-responsive-json-new='{\"font-size\":\"\",\"line-height\":\"\"}'  class=\"uavc-list-desc ult-responsive\" style=\"\"><\/p>\n<h6>735 et 715, boulevard d\u2019Iberville<br \/>\nSaint-Jean-sur-Richelieu<br \/>\nQu\u00e9bec\u00a0J2X 4S7<\/h6>\n<p><\/span><\/div><\/li><\/ul><\/div>[vc_separator color= &raquo;custom &raquo; accent_color= &raquo;#d2d2d1&Prime;]<div class=\"uavc-list-icon uavc-list-icon-wrapper ult-adjust-bottom-margin heures_sidebar  vc_custom_1495651319175  vc_custom_1495651319175\"><ul class=\"uavc-list\"><li><div class=\"uavc-list-content\" id=\"list-icon-wrap-2579\">\n<div class=\"uavc-list-icon  \" data-animation=\"\" data-animation-delay=\"03\" style=\"margin-right:5px;\"><div class=\"ult-just-icon-wrapper  \"><div class=\"align-icon\" style=\"text-align:center;\">\n<div class=\"aio-icon none \"  style=\"color:#0060ae;font-size:28px;display:inline-block;\">\n\t<i class=\"Defaults-phone\"><\/i>\n<\/div><\/div><\/div>\n<\/div><span  data-ultimate-target='#list-icon-wrap-2579 .uavc-list-desc'  data-responsive-json-new='{\"font-size\":\"\",\"line-height\":\"\"}'  class=\"uavc-list-desc ult-responsive\" style=\"\">(450) 376-1744<\/span><\/div><\/li><\/ul><\/div>[\/vc_column][\/vc_row]<\/p>\n","protected":false},"excerpt":{"rendered":"<p>[vc_row][vc_column][vc_column_text][\/vc_column_text][\/vc_column][\/vc_row][vc_row][vc_column width= &raquo;2\/3&Prime;][vc_column_text] Nos garderies subventionn\u00e9es comptent deux \u00e9tablissements, pour mieux vous servir.[\/vc_column_text][vc_column_text] Garderie du 715, boulevard d\u2019Iberville Garderie subventionn\u00e9e de 60 places Garderie du 735, boulevard d\u2019Iberville Garderie subventionn\u00e9e de 80 places [\/vc_column_text][vc_column_text]Nos deux \u00e9tablissements offrent les services suivants\u00a0: Pouponni\u00e8re Places pour enfants \u00e0 besoins particuliers \u00c9quipe p\u00e9dagogique \u00c9ducatrices sp\u00e9cialis\u00e9es [\/vc_column_text][vc_row_inner css= &raquo;.vc_custom_1495650600717{background-color: #f7f7f7 <a href=\"http:\/\/lesgarderieslodyssee.com\/?page_id=595\">[&#8230;]<\/a><\/p>\n","protected":false},"author":1,"featured_media":0,"parent":0,"menu_order":0,"comment_status":"open","ping_status":"open","template":"page-fullwidth.php","meta":{"footnotes":""},"_links":{"self":[{"href":"http:\/\/lesgarderieslodyssee.com\/index.php?rest_route=\/wp\/v2\/pages\/595"}],"collection":[{"href":"http:\/\/lesgarderieslodyssee.com\/index.php?rest_route=\/wp\/v2\/pages"}],"about":[{"href":"http:\/\/lesgarderieslodyssee.com\/index.php?rest_route=\/wp\/v2\/types\/page"}],"author":[{"embeddable":true,"href":"http:\/\/lesgarderieslodyssee.com\/index.php?rest_route=\/wp\/v2\/users\/1"}],"replies":[{"embeddable":true,"href":"http:\/\/lesgarderieslodyssee.com\/index.php?rest_route=%2Fwp%2Fv2%2Fcomments&post=595"}],"version-history":[{"count":10,"href":"http:\/\/lesgarderieslodyssee.com\/index.php?rest_route=\/wp\/v2\/pages\/595\/revisions"}],"predecessor-version":[{"id":3219,"href":"http:\/\/lesgarderieslodyssee.com\/index.php?rest_route=\/wp\/v2\/pages\/595\/revisions\/3219"}],"wp:attachment":[{"href":"http:\/\/lesgarderieslodyssee.com\/index.php?rest_route=%2Fwp%2Fv2%2Fmedia&parent=595"}],"curies":[{"name":"wp","href":"https:\/\/api.w.org\/{rel}","templated":true}]}}