{"id":2508,"date":"2015-06-16T15:54:36","date_gmt":"2015-06-16T15:54:36","guid":{"rendered":"http:\/\/carryhill.aislinthemes.com\/?page_id=2508"},"modified":"2017-06-02T14:31:02","modified_gmt":"2017-06-02T13:31:02","slug":"home","status":"publish","type":"page","link":"https:\/\/lesgarderieslodyssee.com\/","title":{"rendered":"Accueil"},"content":{"rendered":"<p>[vc_row][vc_column width= &raquo;1\/3&Prime;][\/vc_column][vc_column width= &raquo;1\/3&Prime;][vc_single_image image= &raquo;384&Prime; img_size= &raquo; &raquo;][\/vc_column][vc_column width= &raquo;1\/3&Prime;][\/vc_column][\/vc_row][vc_row css= &raquo;.vc_custom_1435746907819{margin-bottom: 60px !important;} &raquo;][vc_column width= &raquo;2\/3&Prime;]<div id=\"ultimate-heading-901569ee04273938a\" class=\"uvc-heading ult-adjust-bottom-margin ultimate-heading-901569ee04273938a uvc-6386 \" data-hspacer=\"no_spacer\"  data-halign=\"left\" style=\"text-align:left\"><div class=\"uvc-heading-spacer no_spacer\" style=\"top\"><\/div><div class=\"uvc-main-heading ult-responsive\"  data-ultimate-target='.uvc-heading.ultimate-heading-901569ee04273938a h2'  data-responsive-json-new='{\"font-size\":\"desktop:28px;\",\"line-height\":\"\"}' ><h2 style=\"font-family:'Roboto Slab';font-weight:300;margin-bottom:0px;\">L\u2019enfant, la plus pr\u00e9cieuse des richesses<\/h2><\/div><\/div>[vc_custom_heading text= &raquo;Notre mission &raquo; font_container= &raquo;tag:p|font_size:15px|text_align:left &raquo; google_fonts= &raquo;font_family:Roboto%20Slab%3A100%2C300%2Cregular%2C700|font_style:700%20bold%20regular%3A700%3Anormal &raquo; el_class= &raquo;ch-border-title &raquo; css= &raquo;.vc_custom_1495551657670{margin-top: 10px !important;} &raquo;][vc_column_text css= &raquo;.vc_custom_1495551666431{margin-top: 0px !important;margin-right: 20px !important;margin-bottom: 0px !important;padding-bottom: 5px !important;} &raquo;]Aux garderies L\u2019Odyss\u00e9e, nous consid\u00e9rons les enfants comme la plus pr\u00e9cieuse des richesses. Nous sommes conscients que les valeurs qui leur sont inculqu\u00e9es aujourd\u2019hui seront au c\u0153ur de ce qu\u2019ils deviendront demain. Notre principale mission? Les faire grandir dans le respect de leurs aptitudes et de leurs habilet\u00e9s, et ce, en harmonie avec leur environnement.[\/vc_column_text]<div class=\" vc_custom_1495715535421 ubtn-ctn-left \"><a class=\"ubtn-link ult-adjust-bottom-margin ubtn-left ubtn-custom \"  rel='' href = \"https:\/\/www.agencetague.com\/odyssee\/odyssee_un_voyage_extraordinaire\/\" ><button type=\"button\" id=\"ubtn-5344\" class=\"ubtn ult-adjust-bottom-margin ult-responsive ubtn-custom ubtn-fade-bg  none  ubtn-left   tooltip-69ee04273941a\"  data-hover=\"\" data-border-color=\"rgba(0,0,0,0.01)\" data-bg=\"#ea5839\" data-hover-bg=\"#f37155\" data-border-hover=\"rgba(0,0,0,0.01)\" data-shadow-hover=\"\" data-shadow-click=\"none\" data-shadow=\"\" data-shd-shadow=\"\"  data-ultimate-target='#ubtn-5344'  data-responsive-json-new='{\"font-size\":\"desktop:13px;\",\"line-height\":\"\"}'  style=\"font-weight:normal;width:px;min-height:px;padding:10px 20px;border-radius:3px;border-width:1px;border-color:rgba(0,0,0,0.01);border-style:inset;background: #ea5839;color: #ffffff;\"><span class=\"ubtn-hover\" style=\"background-color:#f37155\"><\/span><span class=\"ubtn-data ubtn-text \" >En savoir plus<\/span><\/button><\/a><\/div>[\/vc_column][vc_column width= &raquo;1\/3&Prime;]<h2 class=\"title align-center calendar-widget-title\" style=\"margin-top:0\">Calendrier<\/h2><div class='eme-calendar' id='eme-calendar-102'><table class='eme-calendar-table smallcalendar'>\n<thead><tr><th class='month_name' colspan='7'><a class='prev-month eme-cal-prev-month' href='#' data-full='0' data-htmltable='1' data-htmldiv='0' data-long_events='0' data-month='03' data-year='2026' data-category='0' data-author='' data-contact_person='' data-location_id='' data-notcategory='0' data-template_id='0' data-holiday_id='0' data-weekdays='' data-language='' data-calendar_divid='eme-calendar-102'>&lt;&lt;<\/a> Avr 2026 <a class='next-month eme-cal-next-month' href=\"#\" data-full='0' data-htmltable='1' data-htmldiv='0' data-long_events='0' data-month='05' data-year='2026' data-category='0' data-author='' data-contact_person='' data-location_id='' data-notcategory='0' data-template_id='0' data-holiday_id='0' data-weekdays='' data-language='' data-calendar_divid='eme-calendar-102'>&gt;&gt;<\/a><\/th>\n<\/tr><\/thead>\n<tr class='days-names'><td class='Mon_header'>L<\/td><td class='Tue_header'>M<\/td><td class='Wed_header'>M<\/td><td class='Thu_header'>J<\/td><td class='Fri_header'>V<\/td><td class='Sat_header'>S<\/td><td class='Sun_header'>D<\/td><\/tr>\n<tr><td class='Mon eventless-pre'><span class='span-eme-calday span-eme-calday-30'>30<\/td>\n<td class='Tue eventless-pre'><span class='span-eme-calday span-eme-calday-31'>31<\/td>\n<td class='Wed eventless'><span class='span-eme-calday span-eme-calday-1'>1<\/td>\n<td class='Thu eventless'><span class='span-eme-calday span-eme-calday-2'>2<\/td>\n<td class='Fri eventless'><span class='span-eme-calday span-eme-calday-3'>3<\/td>\n<td class='Sat eventless'><span class='span-eme-calday span-eme-calday-4'>4<\/td>\n<td class='Sun eventless'><span class='span-eme-calday span-eme-calday-5'>5<\/td>\n<\/tr>\n<tr><td class='Mon eventless'><span class='span-eme-calday span-eme-calday-6'>6<\/td>\n<td class='Tue eventless'><span class='span-eme-calday span-eme-calday-7'>7<\/td>\n<td class='Wed eventless'><span class='span-eme-calday span-eme-calday-8'>8<\/td>\n<td class='Thu eventless'><span class='span-eme-calday span-eme-calday-9'>9<\/td>\n<td class='Fri eventless'><span class='span-eme-calday span-eme-calday-10'>10<\/td>\n<td class='Sat eventless'><span class='span-eme-calday span-eme-calday-11'>11<\/td>\n<td class='Sun eventless'><span class='span-eme-calday span-eme-calday-12'>12<\/td>\n<\/tr>\n<tr><td class='Mon eventless'><span class='span-eme-calday span-eme-calday-13'>13<\/td>\n<td class='Tue eventless'><span class='span-eme-calday span-eme-calday-14'>14<\/td>\n<td class='Wed eventless'><span class='span-eme-calday span-eme-calday-15'>15<\/td>\n<td class='Thu eventless'><span class='span-eme-calday span-eme-calday-16'>16<\/td>\n<td class='Fri eventless'><span class='span-eme-calday span-eme-calday-17'>17<\/td>\n<td class='Sat eventless'><span class='span-eme-calday span-eme-calday-18'>18<\/td>\n<td class='Sun eventless'><span class='span-eme-calday span-eme-calday-19'>19<\/td>\n<\/tr>\n<tr><td class='Mon eventless'><span class='span-eme-calday span-eme-calday-20'>20<\/td>\n<td class='Tue eventless'><span class='span-eme-calday span-eme-calday-21'>21<\/td>\n<td class='Wed eventless'><span class='span-eme-calday span-eme-calday-22'>22<\/td>\n<td class='Thu eventless'><span class='span-eme-calday span-eme-calday-23'>23<\/td>\n<td class='Fri eventless'><span class='span-eme-calday span-eme-calday-24'>24<\/td>\n<td class='Sat eventless'><span class='span-eme-calday span-eme-calday-25'>25<\/td>\n<td class='Sun eventless-today'><span class='span-eme-calday span-eme-calday-26'>26<\/td>\n<\/tr>\n<tr><td class='Mon eventless'><span class='span-eme-calday span-eme-calday-27'>27<\/td>\n<td class='Tue eventless'><span class='span-eme-calday span-eme-calday-28'>28<\/td>\n<td class='Wed eventless'><span class='span-eme-calday span-eme-calday-29'>29<\/td>\n<td class='Thu eventless'><span class='span-eme-calday span-eme-calday-30'>30<\/td>\n<td class='Fri eventless-post'><span class='span-eme-calday span-eme-calday-1'>1<\/td>\n<td class='Sat eventless-post'><span class='span-eme-calday span-eme-calday-2'>2<\/td>\n<td class='Sun eventless-post'><span class='span-eme-calday span-eme-calday-3'>3<\/td>\n<\/tr>\n<\/table>\n<\/div>[\/vc_column][\/vc_row][vc_row bg_type= &raquo;bg_color &raquo; bg_color_value= &raquo;#f7f7f7&Prime;][vc_column][vc_column_text css= &raquo;.vc_custom_1495553985005{margin-bottom: 0px !important;} &raquo;]<\/p>\n<h2 style=\"text-align: center;\">R\u00e9servez une place pour votre enfant maintenant!<\/h2>\n<p style=\"text-align: center;\">\u00cates-vous inscrits sur la liste d\u2019attente centralis\u00e9e <em>La Place 0-5 ans<\/em>?<\/p>\n<p>[\/vc_column_text][vc_row_inner][vc_column_inner width= &raquo;1\/4&Prime;][\/vc_column_inner][vc_column_inner width= &raquo;1\/4&Prime;]<div class=\" vc_custom_1496060009196 ubtn-ctn-right \"><a class=\"ubtn-link ult-adjust-bottom-margin ubtn-right ubtn-custom \"  rel='' href = \"https:\/\/www.agencetague.com\/odyssee\/liste_attente_presincription_frais\/\" ><button type=\"button\" id=\"ubtn-4590\" class=\"ubtn ult-adjust-bottom-margin ult-responsive ubtn-custom ubtn-fade-bg  none  ubtn-right   tooltip-69ee0427397d7\"  data-hover=\"\" data-border-color=\"rgba(0,0,0,0.01)\" data-bg=\"#ea5839\" data-hover-bg=\"#f37155\" data-border-hover=\"rgba(0,0,0,0.01)\" data-shadow-hover=\"\" data-shadow-click=\"none\" data-shadow=\"\" data-shd-shadow=\"\"  data-ultimate-target='#ubtn-4590'  data-responsive-json-new='{\"font-size\":\"desktop:13px;\",\"line-height\":\"\"}'  style=\"font-weight:normal;width:px;min-height:px;padding:10px 20px;border-radius:3px;border-width:1px;border-color:rgba(0,0,0,0.01);border-style:inset;background: #ea5839;color: #ffffff;\"><span class=\"ubtn-data ubtn-icon\"><i class=\"none\" style=\"font-size:32px;color:;\"><\/i><\/span><span class=\"ubtn-hover\" style=\"background-color:#f37155\"><\/span><span class=\"ubtn-data ubtn-text \" >En savoir plus<\/span><\/button><\/a><\/div>[\/vc_column_inner][vc_column_inner width= &raquo;1\/4&Prime;]<div class=\" vc_custom_1495554014490 ubtn-ctn-left \"><a class=\"ubtn-link ult-adjust-bottom-margin ubtn-left ubtn-custom \"  rel='' href = \"https:\/\/www.laplace0-5.com\/in\/faces\/homeInBook.xhtml\" target='_blank'><button type=\"button\" id=\"ubtn-7720\" class=\"ubtn ult-adjust-bottom-margin ult-responsive ubtn-custom ubtn-fade-bg  none  ubtn-left   tooltip-69ee04273986b\"  data-hover=\"\" data-border-color=\"rgba(0,0,0,0.01)\" data-bg=\"#ea5839\" data-hover-bg=\"#f37155\" data-border-hover=\"rgba(0,0,0,0.01)\" data-shadow-hover=\"\" data-shadow-click=\"none\" data-shadow=\"\" data-shd-shadow=\"\"  data-ultimate-target='#ubtn-7720'  data-responsive-json-new='{\"font-size\":\"desktop:13px;\",\"line-height\":\"\"}'  style=\"font-weight:normal;width:px;min-height:px;padding:10px 20px;border-radius:3px;border-width:1px;border-color:rgba(0,0,0,0.01);border-style:inset;background: #ea5839;color: #ffffff;\"><span class=\"ubtn-data ubtn-icon\"><i class=\"none\" style=\"font-size:32px;color:;\"><\/i><\/span><span class=\"ubtn-hover\" style=\"background-color:#f37155\"><\/span><span class=\"ubtn-data ubtn-text \" >S'inscrire<\/span><\/button><\/a><\/div>[\/vc_column_inner][vc_column_inner width= &raquo;1\/4&Prime;][\/vc_column_inner][\/vc_row_inner][\/vc_column][\/vc_row]<\/p>\n","protected":false},"excerpt":{"rendered":"<p>[vc_row][vc_column width= &raquo;1\/3&Prime;][\/vc_column][vc_column width= &raquo;1\/3&Prime;][vc_single_image image= &raquo;384&Prime; img_size= &raquo; &raquo;][\/vc_column][vc_column width= &raquo;1\/3&Prime;][\/vc_column][\/vc_row][vc_row css= &raquo;.vc_custom_1435746907819{margin-bottom: 60px !important;} &raquo;][vc_column width= &raquo;2\/3&Prime;][vc_custom_heading text= &raquo;Notre mission &raquo; font_container= &raquo;tag:p|font_size:15px|text_align:left &raquo; google_fonts= &raquo;font_family:Roboto%20Slab%3A100%2C300%2Cregular%2C700|font_style:700%20bold%20regular%3A700%3Anormal &raquo; el_class= &raquo;ch-border-title &raquo; css= &raquo;.vc_custom_1495551657670{margin-top: 10px !important;} &raquo;][vc_column_text css= &raquo;.vc_custom_1495551666431{margin-top: 0px !important;margin-right: 20px !important;margin-bottom: 0px !important;padding-bottom: 5px !important;} &raquo;]Aux garderies L\u2019Odyss\u00e9e, nous consid\u00e9rons les enfants comme <a href=\"https:\/\/lesgarderieslodyssee.com\/\">[&#8230;]<\/a><\/p>\n","protected":false},"author":2,"featured_media":0,"parent":0,"menu_order":0,"comment_status":"open","ping_status":"open","template":"page-fullwidth-with-slider.php","meta":{"footnotes":""},"_links":{"self":[{"href":"https:\/\/lesgarderieslodyssee.com\/index.php?rest_route=\/wp\/v2\/pages\/2508"}],"collection":[{"href":"https:\/\/lesgarderieslodyssee.com\/index.php?rest_route=\/wp\/v2\/pages"}],"about":[{"href":"https:\/\/lesgarderieslodyssee.com\/index.php?rest_route=\/wp\/v2\/types\/page"}],"author":[{"embeddable":true,"href":"https:\/\/lesgarderieslodyssee.com\/index.php?rest_route=\/wp\/v2\/users\/2"}],"replies":[{"embeddable":true,"href":"https:\/\/lesgarderieslodyssee.com\/index.php?rest_route=%2Fwp%2Fv2%2Fcomments&post=2508"}],"version-history":[{"count":8,"href":"https:\/\/lesgarderieslodyssee.com\/index.php?rest_route=\/wp\/v2\/pages\/2508\/revisions"}],"predecessor-version":[{"id":3204,"href":"https:\/\/lesgarderieslodyssee.com\/index.php?rest_route=\/wp\/v2\/pages\/2508\/revisions\/3204"}],"wp:attachment":[{"href":"https:\/\/lesgarderieslodyssee.com\/index.php?rest_route=%2Fwp%2Fv2%2Fmedia&parent=2508"}],"curies":[{"name":"wp","href":"https:\/\/api.w.org\/{rel}","templated":true}]}}